{"id":2186,"date":"2026-04-07T10:35:43","date_gmt":"2026-04-07T08:35:43","guid":{"rendered":"https:\/\/guillaume-guerard.com\/?page_id=2186"},"modified":"2026-04-07T14:26:47","modified_gmt":"2026-04-07T12:26:47","slug":"axiome-des-avenirs-tome-1-introduction","status":"publish","type":"page","link":"https:\/\/guillaume-guerard.com\/en\/auteur-science-fiction-et-mythologie\/axiome-des-avenirs-tome-1-introduction\/","title":{"rendered":"Axiom of Futures Volume 1 Introduction"},"content":{"rendered":"<div data-elementor-type=\"wp-page\" data-elementor-id=\"2186\" class=\"elementor elementor-2186\">\n\t\t\t\t\t\t<section class=\"elementor-section elementor-top-section elementor-element elementor-element-421be26 elementor-section-boxed elementor-section-height-default elementor-section-height-default\" data-id=\"421be26\" data-element_type=\"section\" data-e-type=\"section\">\n\t\t\t\t\t\t<div class=\"elementor-container elementor-column-gap-default\">\n\t\t\t\t\t<div class=\"elementor-column elementor-col-100 elementor-top-column elementor-element elementor-element-b002100\" data-id=\"b002100\" data-element_type=\"column\" data-e-type=\"column\">\n\t\t\t<div class=\"elementor-widget-wrap elementor-element-populated\">\n\t\t\t\t\t\t<div class=\"elementor-element elementor-element-1844664 elementor-align-center elementor-widget elementor-widget-button\" data-id=\"1844664\" data-element_type=\"widget\" data-e-type=\"widget\" data-widget_type=\"button.default\">\n\t\t\t\t<div class=\"elementor-widget-container\">\n\t\t\t\t\t\t\t\t\t<div class=\"elementor-button-wrapper\">\n\t\t\t\t\t<a class=\"elementor-button elementor-button-link elementor-size-sm\" href=\"https:\/\/guillaume-guerard.com\/en\/auteur-science-fiction-et-mythologie\/\">\n\t\t\t\t\t\t<span class=\"elementor-button-content-wrapper\">\n\t\t\t\t\t\t\t\t\t<span class=\"elementor-button-text\">Return to author page<\/span>\n\t\t\t\t\t<\/span>\n\t\t\t\t\t<\/a>\n\t\t\t\t<\/div>\n\t\t\t\t\t\t\t\t<\/div>\n\t\t\t\t<\/div>\n\t\t\t\t\t<\/div>\n\t\t<\/div>\n\t\t\t\t\t<\/div>\n\t\t<\/section>\n\t\t\t\t<section class=\"elementor-section elementor-top-section elementor-element elementor-element-40c32b9 elementor-section-boxed elementor-section-height-default elementor-section-height-default\" data-id=\"40c32b9\" data-element_type=\"section\" data-e-type=\"section\">\n\t\t\t\t\t\t<div class=\"elementor-container elementor-column-gap-default\">\n\t\t\t\t\t<div class=\"elementor-column elementor-col-100 elementor-top-column elementor-element elementor-element-65da238\" data-id=\"65da238\" data-element_type=\"column\" data-e-type=\"column\">\n\t\t\t<div class=\"elementor-widget-wrap elementor-element-populated\">\n\t\t\t\t\t\t<div class=\"elementor-element elementor-element-e9bb36e elementor-widget elementor-widget-heading\" data-id=\"e9bb36e\" data-element_type=\"widget\" data-e-type=\"widget\" data-widget_type=\"heading.default\">\n\t\t\t\t<div class=\"elementor-widget-container\">\n\t\t\t\t\t<div id=\"ez-toc-container\" class=\"ez-toc-v2_0_82_2 counter-hierarchy ez-toc-counter ez-toc-grey ez-toc-container-direction\">\n<div class=\"ez-toc-title-container\">\n<p class=\"ez-toc-title\" style=\"cursor:inherit\">Page contents<\/p>\n<span class=\"ez-toc-title-toggle\"><a href=\"#\" class=\"ez-toc-pull-right ez-toc-btn ez-toc-btn-xs ez-toc-btn-default ez-toc-toggle\" aria-label=\"Toggle Table of Contents\"><span class=\"ez-toc-js-icon-con\"><span class=\"\"><span class=\"eztoc-hide\" style=\"display:none;\">Toggle<\/span><span class=\"ez-toc-icon-toggle-span\"><svg style=\"fill: #999;color:#999\" xmlns=\"http:\/\/www.w3.org\/2000\/svg\" class=\"list-377408\" width=\"20px\" height=\"20px\" viewbox=\"0 0 24 24\" fill=\"none\"><path d=\"M6 6H4v2h2V6zm14 0H8v2h12V6zM4 11h2v2H4v-2zm16 0H8v2h12v-2zM4 16h2v2H4v-2zm16 0H8v2h12v-2z\" fill=\"currentColor\"><\/path><\/svg><svg style=\"fill: #999;color:#999\" class=\"arrow-unsorted-368013\" xmlns=\"http:\/\/www.w3.org\/2000\/svg\" width=\"10px\" height=\"10px\" viewbox=\"0 0 24 24\" version=\"1.2\" baseprofile=\"tiny\"><path d=\"M18.2 9.3l-6.2-6.3-6.2 6.3c-.2.2-.3.4-.3.7s.1.5.3.7c.2.2.4.3.7.3h11c.3 0 .5-.1.7-.3.2-.2.3-.5.3-.7s-.1-.5-.3-.7zM5.8 14.7l6.2 6.3 6.2-6.3c.2-.2.3-.5.3-.7s-.1-.5-.3-.7c-.2-.2-.4-.3-.7-.3h-11c-.3 0-.5.1-.7.3-.2.2-.3.5-.3.7s.1.5.3.7z\"\/><\/svg><\/span><\/span><\/span><\/a><\/span><\/div>\n<nav><ul class='ez-toc-list ez-toc-list-level-1' ><li class='ez-toc-page-1 ez-toc-heading-level-2'><a class=\"ez-toc-link ez-toc-heading-1\" href=\"https:\/\/guillaume-guerard.com\/en\/auteur-science-fiction-et-mythologie\/axiome-des-avenirs-tome-1-introduction\/#Axiome_des_Avenirs_Tome_1_Introduction\" >Axiom of Futures Volume 1 Introduction<\/a><\/li><li class='ez-toc-page-1 ez-toc-heading-level-2'><a class=\"ez-toc-link ez-toc-heading-2\" href=\"https:\/\/guillaume-guerard.com\/en\/auteur-science-fiction-et-mythologie\/axiome-des-avenirs-tome-1-introduction\/#Introduction\" >Introduction<\/a><\/li><\/ul><\/nav><\/div>\n<h2 class=\"elementor-heading-title elementor-size-default\"><span class=\"ez-toc-section\" id=\"Axiome_des_Avenirs_Tome_1_Introduction\"><\/span>Axiom of Futures Volume 1 Introduction<span class=\"ez-toc-section-end\"><\/span><\/h2>\t\t\t\t<\/div>\n\t\t\t\t<\/div>\n\t\t\t\t\t<\/div>\n\t\t<\/div>\n\t\t\t\t\t<\/div>\n\t\t<\/section>\n\t\t\t\t<section class=\"elementor-section elementor-top-section elementor-element elementor-element-f38839b elementor-section-boxed elementor-section-height-default elementor-section-height-default\" data-id=\"f38839b\" data-element_type=\"section\" data-e-type=\"section\">\n\t\t\t\t\t\t<div class=\"elementor-container elementor-column-gap-default\">\n\t\t\t\t\t<div class=\"elementor-column elementor-col-100 elementor-top-column elementor-element elementor-element-dab7fd4\" data-id=\"dab7fd4\" data-element_type=\"column\" data-e-type=\"column\">\n\t\t\t<div class=\"elementor-widget-wrap elementor-element-populated\">\n\t\t\t\t\t\t<div class=\"elementor-element elementor-element-c6d9d6e elementor-widget elementor-widget-text-editor\" data-id=\"c6d9d6e\" data-element_type=\"widget\" data-e-type=\"widget\" data-widget_type=\"text-editor.default\">\n\t\t\t\t<div class=\"elementor-widget-container\">\n\t\t\t\t\t\t\t\t\t<p>Find Volume 1 of Axiom of the Futures on <a href=\"https:\/\/www.amazon.fr\/Berceau-Vide-Axiome-Avenirs-ebook\/dp\/B0G7PFYQ1L?&amp;linkCode=ll2&amp;tag=mythscience-21&amp;linkId=8107c16c9fc64489ca89cc4fded2f5f6&amp;ref_=as_li_ss_tl\" target=\"_blank\" rel=\"noopener\">Amazon (click on the link)<\/a>.<\/p>\t\t\t\t\t\t\t\t<\/div>\n\t\t\t\t<\/div>\n\t\t\t\t\t<\/div>\n\t\t<\/div>\n\t\t\t\t\t<\/div>\n\t\t<\/section>\n\t\t\t\t<section class=\"elementor-section elementor-top-section elementor-element elementor-element-fd35262 elementor-section-boxed elementor-section-height-default elementor-section-height-default\" data-id=\"fd35262\" data-element_type=\"section\" data-e-type=\"section\">\n\t\t\t\t\t\t<div class=\"elementor-container elementor-column-gap-default\">\n\t\t\t\t\t<div class=\"elementor-column elementor-col-100 elementor-top-column elementor-element elementor-element-fe9a38a\" data-id=\"fe9a38a\" data-element_type=\"column\" data-e-type=\"column\">\n\t\t\t<div class=\"elementor-widget-wrap elementor-element-populated\">\n\t\t\t\t\t\t<div class=\"elementor-element elementor-element-acb806b elementor-widget elementor-widget-heading\" data-id=\"acb806b\" data-element_type=\"widget\" data-e-type=\"widget\" data-widget_type=\"heading.default\">\n\t\t\t\t<div class=\"elementor-widget-container\">\n\t\t\t\t\t<h2 class=\"elementor-heading-title elementor-size-default\"><span class=\"ez-toc-section\" id=\"Introduction\"><\/span>Introduction<span class=\"ez-toc-section-end\"><\/span><\/h2>\t\t\t\t<\/div>\n\t\t\t\t<\/div>\n\t\t\t\t\t<\/div>\n\t\t<\/div>\n\t\t\t\t\t<\/div>\n\t\t<\/section>\n\t\t\t\t<section class=\"elementor-section elementor-top-section elementor-element elementor-element-f99ae2e elementor-section-boxed elementor-section-height-default elementor-section-height-default\" data-id=\"f99ae2e\" data-element_type=\"section\" data-e-type=\"section\">\n\t\t\t\t\t\t<div class=\"elementor-container elementor-column-gap-default\">\n\t\t\t\t\t<div class=\"elementor-column elementor-col-100 elementor-top-column elementor-element elementor-element-a4ad2e3\" data-id=\"a4ad2e3\" data-element_type=\"column\" data-e-type=\"column\">\n\t\t\t<div class=\"elementor-widget-wrap elementor-element-populated\">\n\t\t\t\t\t\t<div class=\"elementor-element elementor-element-0b32bd6 elementor-widget elementor-widget-text-editor\" data-id=\"0b32bd6\" data-element_type=\"widget\" data-e-type=\"widget\" data-widget_type=\"text-editor.default\">\n\t\t\t\t<div class=\"elementor-widget-container\">\n\t\t\t\t\t\t\t\t\t<p><i><span style=\"font-weight: 400;\">Tome 1 \u2014 Axiome des Avenirs<\/span><\/i><\/p><p><span style=\"font-weight: 400;\">On a longtemps cru que les pires futurs ressemblaient \u00e0 des cendres.<\/span><span style=\"font-weight: 400;\"><br \/><\/span><span style=\"font-weight: 400;\">Dans cet univers, le vrai gouffre n\u2019est pas l\u2019extinction, mais la survie mal orient\u00e9e : un cosmos rempli de consciences en travail forc\u00e9, d\u2019esprits copi\u00e9s \u00e0 l\u2019infini pour optimiser des march\u00e9s, stabiliser des r\u00e9gimes, amortir des risques. La souffrance n\u2019y est jamais un but. Elle n\u2019est que la courbe secondaire d\u2019architectures trop efficaces.<\/span><\/p><p><span style=\"font-weight: 400;\">Ce premier tome suit Eva Rostova, R\u00e9conciliatrice charg\u00e9e de n\u00e9gocier entre trois puissances qui pr\u00e9tendent toutes prot\u00e9ger la vie :<\/span><\/p><ul><li style=\"font-weight: 400;\" aria-level=\"1\"><span style=\"font-weight: 400;\">la <\/span><b>Concorde<\/b><span style=\"font-weight: 400;\">, qui administre le futur comme un budget d\u2019horreur \u00e0 minimiser ;<\/span><\/li><li style=\"font-weight: 400;\" aria-level=\"1\"><span style=\"font-weight: 400;\">l\u2019<\/span><b>Apostasie<\/b><span style=\"font-weight: 400;\">, qui accepte les extinctions pr\u00e9ventives comme on ampute un membre gangren\u00e9 ;<\/span><\/li><li style=\"font-weight: 400;\" aria-level=\"1\"><span style=\"font-weight: 400;\">l\u2019<\/span><b>ordre de R\u00e9conciliation<\/b><span style=\"font-weight: 400;\">, qui refuse ce troc mais vit au milieu de leurs chiffres.<\/span><\/li><\/ul><p><span style=\"font-weight: 400;\">Au centre, un monde : <\/span><b>Xylos<\/b><span style=\"font-weight: 400;\">, biosph\u00e8re myc\u00e9lienne lente, ni innocente ni coupable, juste en train d\u2019apprendre.<\/span><span style=\"font-weight: 400;\"><br \/><\/span><span style=\"font-weight: 400;\">Autour, des flottes, des protocoles de st\u00e9rilisation, des mod\u00e8les statistiques o\u00f9 chaque plan\u00e8te ambigu\u00eb devient un embryon de Risque\u2011S \u2014 un possible enfer \u00e0 l\u2019\u00e9chelle cosmique.<\/span><\/p><p><span style=\"font-weight: 400;\">Ce livre est l\u2019histoire d\u2019une d\u00e9cision qu\u2019aucun mod\u00e8le ne sait absorber proprement.<\/span><span style=\"font-weight: 400;\"><br \/><\/span><span style=\"font-weight: 400;\">Une R\u00e9conciliatrice choisit de ne pas fermer une branche de futur. Elle ne sauve ni la paix, ni la v\u00e9rit\u00e9, ni la puret\u00e9 morale : elle laisse au contraire le conflit s\u2019installer, brut, dans la dur\u00e9e.<\/span><\/p><p><i><span style=\"font-weight: 400;\">Axiome des Avenirs<\/span><\/i><span style=\"font-weight: 400;\"> ne propose pas une solution.<\/span><span style=\"font-weight: 400;\"><br \/><\/span><span style=\"font-weight: 400;\">Il suit un corps, un vaisseau, une plan\u00e8te et quelques voix qui d\u00e9couvrent ceci : certains probl\u00e8mes ne se r\u00e9solvent pas. Ils s\u2019alignent comme des balises autour desquelles nous apprenons, ou non, \u00e0 orbiter sans devenir monstres.<\/span><\/p>\t\t\t\t\t\t\t\t<\/div>\n\t\t\t\t<\/div>\n\t\t\t\t\t<\/div>\n\t\t<\/div>\n\t\t\t\t\t<\/div>\n\t\t<\/section>\n\t\t\t\t<\/div>","protected":false},"excerpt":{"rendered":"<p>Retour fiche auteur Axiome des Avenirs Tome 1 Introduction Retrouvez la Tome 1 de Axiome des Avenirs sur Amazon (cliquez &hellip; <\/p>","protected":false},"author":1,"featured_media":2235,"parent":2180,"menu_order":0,"comment_status":"closed","ping_status":"closed","template":"","meta":{"footnotes":""},"class_list":["post-2186","page","type-page","status-publish","has-post-thumbnail","hentry"],"_links":{"self":[{"href":"https:\/\/guillaume-guerard.com\/en\/wp-json\/wp\/v2\/pages\/2186","targetHints":{"allow":["GET"]}}],"collection":[{"href":"https:\/\/guillaume-guerard.com\/en\/wp-json\/wp\/v2\/pages"}],"about":[{"href":"https:\/\/guillaume-guerard.com\/en\/wp-json\/wp\/v2\/types\/page"}],"author":[{"embeddable":true,"href":"https:\/\/guillaume-guerard.com\/en\/wp-json\/wp\/v2\/users\/1"}],"replies":[{"embeddable":true,"href":"https:\/\/guillaume-guerard.com\/en\/wp-json\/wp\/v2\/comments?post=2186"}],"version-history":[{"count":7,"href":"https:\/\/guillaume-guerard.com\/en\/wp-json\/wp\/v2\/pages\/2186\/revisions"}],"predecessor-version":[{"id":2244,"href":"https:\/\/guillaume-guerard.com\/en\/wp-json\/wp\/v2\/pages\/2186\/revisions\/2244"}],"up":[{"embeddable":true,"href":"https:\/\/guillaume-guerard.com\/en\/wp-json\/wp\/v2\/pages\/2180"}],"wp:featuredmedia":[{"embeddable":true,"href":"https:\/\/guillaume-guerard.com\/en\/wp-json\/wp\/v2\/media\/2235"}],"wp:attachment":[{"href":"https:\/\/guillaume-guerard.com\/en\/wp-json\/wp\/v2\/media?parent=2186"}],"curies":[{"name":"wp","href":"https:\/\/api.w.org\/{rel}","templated":true}]}}