{"id":2180,"date":"2026-04-07T09:34:40","date_gmt":"2026-04-07T07:34:40","guid":{"rendered":"https:\/\/guillaume-guerard.com\/?page_id=2180"},"modified":"2026-04-12T09:58:11","modified_gmt":"2026-04-12T07:58:11","slug":"auteur-science-fiction-et-mythologie","status":"publish","type":"page","link":"https:\/\/guillaume-guerard.com\/en\/auteur-science-fiction-et-mythologie\/","title":{"rendered":"Author of Science Fiction and Mythology"},"content":{"rendered":"<div data-elementor-type=\"wp-page\" data-elementor-id=\"2180\" class=\"elementor elementor-2180\">\n\t\t\t\t\t\t<section class=\"elementor-section elementor-top-section elementor-element elementor-element-aac1b6e elementor-section-boxed elementor-section-height-default elementor-section-height-default\" data-id=\"aac1b6e\" data-element_type=\"section\" data-e-type=\"section\">\n\t\t\t\t\t\t<div class=\"elementor-container elementor-column-gap-default\">\n\t\t\t\t\t<div class=\"elementor-column elementor-col-100 elementor-top-column elementor-element elementor-element-e8df67e\" data-id=\"e8df67e\" data-element_type=\"column\" data-e-type=\"column\">\n\t\t\t<div class=\"elementor-widget-wrap elementor-element-populated\">\n\t\t\t\t\t\t<div class=\"elementor-element elementor-element-31c2cd0 elementor-widget elementor-widget-heading\" data-id=\"31c2cd0\" data-element_type=\"widget\" data-e-type=\"widget\" data-widget_type=\"heading.default\">\n\t\t\t\t<div class=\"elementor-widget-container\">\n\t\t\t\t\t<div id=\"ez-toc-container\" class=\"ez-toc-v2_0_82_2 counter-hierarchy ez-toc-counter ez-toc-grey ez-toc-container-direction\">\n<div class=\"ez-toc-title-container\">\n<p class=\"ez-toc-title\" style=\"cursor:inherit\">Page contents<\/p>\n<span class=\"ez-toc-title-toggle\"><a href=\"#\" class=\"ez-toc-pull-right ez-toc-btn ez-toc-btn-xs ez-toc-btn-default ez-toc-toggle\" aria-label=\"Toggle Table of Contents\"><span class=\"ez-toc-js-icon-con\"><span class=\"\"><span class=\"eztoc-hide\" style=\"display:none;\">Toggle<\/span><span class=\"ez-toc-icon-toggle-span\"><svg style=\"fill: #999;color:#999\" xmlns=\"http:\/\/www.w3.org\/2000\/svg\" class=\"list-377408\" width=\"20px\" height=\"20px\" viewbox=\"0 0 24 24\" fill=\"none\"><path d=\"M6 6H4v2h2V6zm14 0H8v2h12V6zM4 11h2v2H4v-2zm16 0H8v2h12v-2zM4 16h2v2H4v-2zm16 0H8v2h12v-2z\" fill=\"currentColor\"><\/path><\/svg><svg style=\"fill: #999;color:#999\" class=\"arrow-unsorted-368013\" xmlns=\"http:\/\/www.w3.org\/2000\/svg\" width=\"10px\" height=\"10px\" viewbox=\"0 0 24 24\" version=\"1.2\" baseprofile=\"tiny\"><path d=\"M18.2 9.3l-6.2-6.3-6.2 6.3c-.2.2-.3.4-.3.7s.1.5.3.7c.2.2.4.3.7.3h11c.3 0 .5-.1.7-.3.2-.2.3-.5.3-.7s-.1-.5-.3-.7zM5.8 14.7l6.2 6.3 6.2-6.3c.2-.2.3-.5.3-.7s-.1-.5-.3-.7c-.2-.2-.4-.3-.7-.3h-11c-.3 0-.5.1-.7.3-.2.2-.3.5-.3.7s.1.5.3.7z\"\/><\/svg><\/span><\/span><\/span><\/a><\/span><\/div>\n<nav><ul class='ez-toc-list ez-toc-list-level-1' ><li class='ez-toc-page-1 ez-toc-heading-level-2'><a class=\"ez-toc-link ez-toc-heading-1\" href=\"https:\/\/guillaume-guerard.com\/en\/auteur-science-fiction-et-mythologie\/#Retrouver_mes_livres_de_Science-fiction_et_sur_la_Mythologie\" >Find my Science Fiction and Mythology books<\/a><\/li><li class='ez-toc-page-1 ez-toc-heading-level-2'><a class=\"ez-toc-link ez-toc-heading-2\" href=\"https:\/\/guillaume-guerard.com\/en\/auteur-science-fiction-et-mythologie\/#Serie_Hard_SF_Axiome_des_Avenirs\" >S\u00e9rie Hard SF : Axiome des Avenirs<\/a><\/li><li class='ez-toc-page-1 ez-toc-heading-level-2'><a class=\"ez-toc-link ez-toc-heading-3\" href=\"https:\/\/guillaume-guerard.com\/en\/auteur-science-fiction-et-mythologie\/#Nouvelles_Hard_SF_lInversion\" >Nouvelles Hard SF : l'Inversion<\/a><\/li><li class='ez-toc-page-1 ez-toc-heading-level-2'><a class=\"ez-toc-link ez-toc-heading-4\" href=\"https:\/\/guillaume-guerard.com\/en\/auteur-science-fiction-et-mythologie\/#Mythologies_et_legendes\" >Mythologies et l\u00e9gendes<\/a><\/li><li class='ez-toc-page-1 ez-toc-heading-level-2'><a class=\"ez-toc-link ez-toc-heading-5\" href=\"https:\/\/guillaume-guerard.com\/en\/auteur-science-fiction-et-mythologie\/#Mythologies_et_legendes_pour_enfants\" >Mythologies et l\u00e9gendes pour enfants<\/a><\/li><\/ul><\/nav><\/div>\n<h2 class=\"elementor-heading-title elementor-size-default\"><span class=\"ez-toc-section\" id=\"Retrouver_mes_livres_de_Science-fiction_et_sur_la_Mythologie\"><\/span>Find my Science Fiction and Mythology books<span class=\"ez-toc-section-end\"><\/span><\/h2>\t\t\t\t<\/div>\n\t\t\t\t<\/div>\n\t\t\t\t\t<\/div>\n\t\t<\/div>\n\t\t\t\t\t<\/div>\n\t\t<\/section>\n\t\t\t\t<section class=\"elementor-section elementor-top-section elementor-element elementor-element-1352e83 elementor-section-boxed elementor-section-height-default elementor-section-height-default\" data-id=\"1352e83\" data-element_type=\"section\" data-e-type=\"section\">\n\t\t\t\t\t\t<div class=\"elementor-container elementor-column-gap-default\">\n\t\t\t\t\t<div class=\"elementor-column elementor-col-100 elementor-top-column elementor-element elementor-element-344fb6b\" data-id=\"344fb6b\" data-element_type=\"column\" data-e-type=\"column\">\n\t\t\t<div class=\"elementor-widget-wrap elementor-element-populated\">\n\t\t\t\t\t\t<div class=\"elementor-element elementor-element-59ce520 elementor-widget elementor-widget-text-editor\" data-id=\"59ce520\" data-element_type=\"widget\" data-e-type=\"widget\" data-widget_type=\"text-editor.default\">\n\t\t\t\t<div class=\"elementor-widget-container\">\n\t\t\t\t\t\t\t\t\t<p>Find all my books on <strong><a href=\"https:\/\/www.amazon.fr\/stores\/Guillaume-Guerard\/author\/B0GCMW1PPC?&amp;linkCode=ll2&amp;tag=mythscience-21&amp;linkId=9acfef5b9b6b96f29c9ea89df32a83ef&amp;ref_=as_li_ss_tl\" target=\"_blank\" rel=\"noopener\">Amazon (click on this link)<\/a><\/strong>.<\/p><p>Or on the following list (not all texts are included to leave you with a little suspense!)<\/p>\t\t\t\t\t\t\t\t<\/div>\n\t\t\t\t<\/div>\n\t\t\t\t\t<\/div>\n\t\t<\/div>\n\t\t\t\t\t<\/div>\n\t\t<\/section>\n\t\t\t\t<section class=\"elementor-section elementor-top-section elementor-element elementor-element-fc9d065 elementor-section-boxed elementor-section-height-default elementor-section-height-default\" data-id=\"fc9d065\" data-element_type=\"section\" data-e-type=\"section\">\n\t\t\t\t\t\t<div class=\"elementor-container elementor-column-gap-default\">\n\t\t\t\t\t<div class=\"elementor-column elementor-col-100 elementor-top-column elementor-element elementor-element-883bd73\" data-id=\"883bd73\" data-element_type=\"column\" data-e-type=\"column\">\n\t\t\t<div class=\"elementor-widget-wrap elementor-element-populated\">\n\t\t\t\t\t\t<div class=\"elementor-element elementor-element-e546fae elementor-widget elementor-widget-heading\" data-id=\"e546fae\" data-element_type=\"widget\" data-e-type=\"widget\" data-widget_type=\"heading.default\">\n\t\t\t\t<div class=\"elementor-widget-container\">\n\t\t\t\t\t<h2 class=\"elementor-heading-title elementor-size-default\"><span class=\"ez-toc-section\" id=\"Serie_Hard_SF_Axiome_des_Avenirs\"><\/span>S\u00e9rie Hard SF : Axiome des Avenirs<span class=\"ez-toc-section-end\"><\/span><\/h2>\t\t\t\t<\/div>\n\t\t\t\t<\/div>\n\t\t\t\t\t<\/div>\n\t\t<\/div>\n\t\t\t\t\t<\/div>\n\t\t<\/section>\n\t\t\t\t<section class=\"elementor-section elementor-top-section elementor-element elementor-element-33bb742 elementor-section-boxed elementor-section-height-default elementor-section-height-default\" data-id=\"33bb742\" data-element_type=\"section\" data-e-type=\"section\">\n\t\t\t\t\t\t<div class=\"elementor-container elementor-column-gap-default\">\n\t\t\t\t\t<div class=\"elementor-column elementor-col-100 elementor-top-column elementor-element elementor-element-e7eb82c\" data-id=\"e7eb82c\" data-element_type=\"column\" data-e-type=\"column\">\n\t\t\t<div class=\"elementor-widget-wrap elementor-element-populated\">\n\t\t\t\t\t\t<div class=\"elementor-element elementor-element-7a11b06 elementor-widget elementor-widget-toggle\" data-id=\"7a11b06\" data-element_type=\"widget\" data-e-type=\"widget\" data-widget_type=\"toggle.default\">\n\t\t\t\t<div class=\"elementor-widget-container\">\n\t\t\t\t\t\t\t<div class=\"elementor-toggle\">\n\t\t\t\t\t\t\t<div class=\"elementor-toggle-item\">\n\t\t\t\t\t<div id=\"elementor-tab-title-1271\" class=\"elementor-tab-title\" data-tab=\"1\" role=\"button\" aria-controls=\"elementor-tab-content-1271\" aria-expanded=\"false\">\n\t\t\t\t\t\t\t\t\t\t\t\t<span class=\"elementor-toggle-icon elementor-toggle-icon-left\" aria-hidden=\"true\">\n\t\t\t\t\t\t\t\t\t\t\t\t\t\t\t<span class=\"elementor-toggle-icon-closed\"><i class=\"fas fa-caret-right\"><\/i><\/span>\n\t\t\t\t\t\t\t\t<span class=\"elementor-toggle-icon-opened\"><i class=\"elementor-toggle-icon-opened fas fa-caret-up\"><\/i><\/span>\n\t\t\t\t\t\t\t\t\t\t\t\t\t<\/span>\n\t\t\t\t\t\t\t\t\t\t\t\t<a class=\"elementor-toggle-title\" tabindex=\"0\">Axiom of Futures - Volume 1: The Empty Cradle<\/a>\n\t\t\t\t\t<\/div>\n\n\t\t\t\t\t<div id=\"elementor-tab-content-1271\" class=\"elementor-tab-content elementor-clearfix\" data-tab=\"1\" role=\"region\" aria-labelledby=\"elementor-tab-title-1271\"><p>Find the complete work on <a href=\"https:\/\/www.amazon.fr\/Berceau-Vide-Axiome-Avenirs-ebook\/dp\/B0G7PFYQ1L?&amp;linkCode=ll2&amp;tag=mythscience-21&amp;linkId=b7d0bfe0ddc5c2324d61545475916470&amp;ref_=as_li_ss_tl\" target=\"_blank\" rel=\"noopener\"><strong>Amazon (click on this link)<\/strong><\/a>.<\/p><p><a href=\"https:\/\/guillaume-guerard.com\/en\/auteur-science-fiction-et-mythologie\/axiome-des-avenirs-tome-1-introduction\/\"><strong>Introduction<\/strong><\/a><\/p><p><a href=\"https:\/\/guillaume-guerard.com\/en\/auteur-science-fiction-et-mythologie\/axiome-des-avenirs-tome-1-preface\/\"><strong>Preface<\/strong><\/a><\/p><p><a href=\"https:\/\/guillaume-guerard.com\/en\/auteur-science-fiction-et-mythologie\/axiome-des-avenirs-tome-1-chapitre-1\/\"><strong>Chapter 1<\/strong><\/a><\/p><p><a href=\"https:\/\/guillaume-guerard.com\/en\/auteur-science-fiction-et-mythologie\/axiome-des-avenirs-tome-1-chapitre-2\/\"><strong>Chapter 2<\/strong><\/a><\/p><p><a href=\"https:\/\/guillaume-guerard.com\/en\/auteur-science-fiction-et-mythologie\/axiome-des-avenirs-tome-1-chapitre-3\/\"><strong>Chapter 3<\/strong><\/a><\/p><p>Chapter 4<\/p><p>Chapter 5<\/p><p>Interlude I<\/p><p><a href=\"https:\/\/www.amazon.fr\/dp\/B0GCR6L72J?&amp;linkCode=ll2&amp;tag=mythscience-21&amp;linkId=ec0ec5a8991f394f28e0e81293a28f2c&amp;ref_=as_li_ss_tl\" target=\"_blank\" rel=\"noopener\"><strong>Chapitre 6 (suite sur Amazon)<\/strong><\/a><\/p><p><a href=\"https:\/\/www.amazon.fr\/dp\/B0GCR6L72J?&amp;linkCode=ll2&amp;tag=mythscience-21&amp;linkId=ec0ec5a8991f394f28e0e81293a28f2c&amp;ref_=as_li_ss_tl\" target=\"_blank\" rel=\"noopener\"><strong>Chapitre 7 (suite sur Amazon)<\/strong><\/a><\/p><p><strong><a href=\"https:\/\/www.amazon.fr\/dp\/B0GCR6L72J?&amp;linkCode=ll2&amp;tag=mythscience-21&amp;linkId=ec0ec5a8991f394f28e0e81293a28f2c&amp;ref_=as_li_ss_tl\" target=\"_blank\" rel=\"noopener\">Chapitre 8 (suite sur Amazon)<\/a><\/strong><\/p><p><a href=\"https:\/\/www.amazon.fr\/dp\/B0GCR6L72J?&amp;linkCode=ll2&amp;tag=mythscience-21&amp;linkId=ec0ec5a8991f394f28e0e81293a28f2c&amp;ref_=as_li_ss_tl\" target=\"_blank\" rel=\"noopener\"><strong>Chapitre 9 (suite sur Amazon)<\/strong><\/a><\/p><p><a href=\"https:\/\/www.amazon.fr\/dp\/B0GCR6L72J?&amp;linkCode=ll2&amp;tag=mythscience-21&amp;linkId=ec0ec5a8991f394f28e0e81293a28f2c&amp;ref_=as_li_ss_tl\" target=\"_blank\" rel=\"noopener\"><strong>Interlude II (suite sur Amazon)<\/strong><\/a><\/p><p><a href=\"https:\/\/www.amazon.fr\/dp\/B0GCR6L72J?&amp;linkCode=ll2&amp;tag=mythscience-21&amp;linkId=ec0ec5a8991f394f28e0e81293a28f2c&amp;ref_=as_li_ss_tl\" target=\"_blank\" rel=\"noopener\"><strong>Chapitre 10 (suite sur Amazon)<\/strong><\/a><\/p><p><a href=\"https:\/\/www.amazon.fr\/dp\/B0GCR6L72J?&amp;linkCode=ll2&amp;tag=mythscience-21&amp;linkId=ec0ec5a8991f394f28e0e81293a28f2c&amp;ref_=as_li_ss_tl\" target=\"_blank\" rel=\"noopener\"><strong>Chapitre 11 (suite sur Amazon)<\/strong><\/a><\/p><p><a href=\"https:\/\/www.amazon.fr\/dp\/B0GCR6L72J?&amp;linkCode=ll2&amp;tag=mythscience-21&amp;linkId=ec0ec5a8991f394f28e0e81293a28f2c&amp;ref_=as_li_ss_tl\" target=\"_blank\" rel=\"noopener\"><strong>Chapitre 12 (suite sur Amazon)<\/strong><\/a><\/p><p><a href=\"https:\/\/www.amazon.fr\/dp\/B0GCR6L72J?&amp;linkCode=ll2&amp;tag=mythscience-21&amp;linkId=ec0ec5a8991f394f28e0e81293a28f2c&amp;ref_=as_li_ss_tl\" target=\"_blank\" rel=\"noopener\"><strong>Interlude III (suite sur Amazon)<\/strong><\/a><\/p><p><a href=\"https:\/\/www.amazon.fr\/dp\/B0GCR6L72J?&amp;linkCode=ll2&amp;tag=mythscience-21&amp;linkId=ec0ec5a8991f394f28e0e81293a28f2c&amp;ref_=as_li_ss_tl\" target=\"_blank\" rel=\"noopener\"><strong>Postscript<\/strong><\/a><\/p><\/div>\n\t\t\t\t<\/div>\n\t\t\t\t\t\t\t<div class=\"elementor-toggle-item\">\n\t\t\t\t\t<div id=\"elementor-tab-title-1272\" class=\"elementor-tab-title\" data-tab=\"2\" role=\"button\" aria-controls=\"elementor-tab-content-1272\" aria-expanded=\"false\">\n\t\t\t\t\t\t\t\t\t\t\t\t<span class=\"elementor-toggle-icon elementor-toggle-icon-left\" aria-hidden=\"true\">\n\t\t\t\t\t\t\t\t\t\t\t\t\t\t\t<span class=\"elementor-toggle-icon-closed\"><i class=\"fas fa-caret-right\"><\/i><\/span>\n\t\t\t\t\t\t\t\t<span class=\"elementor-toggle-icon-opened\"><i class=\"elementor-toggle-icon-opened fas fa-caret-up\"><\/i><\/span>\n\t\t\t\t\t\t\t\t\t\t\t\t\t<\/span>\n\t\t\t\t\t\t\t\t\t\t\t\t<a class=\"elementor-toggle-title\" tabindex=\"0\">#2 Back and Forth<\/a>\n\t\t\t\t\t<\/div>\n\n\t\t\t\t\t<div id=\"elementor-tab-content-1272\" class=\"elementor-tab-content elementor-clearfix\" data-tab=\"2\" role=\"region\" aria-labelledby=\"elementor-tab-title-1272\"><p>Lorem ipsum dolor sit amet, consectetur adipiscing elit. Ut elit tellus, luctus nec ullamcorper mattis, pulvinar dapibus leo.<\/p><\/div>\n\t\t\t\t<\/div>\n\t\t\t\t\t\t\t\t<\/div>\n\t\t\t\t\t\t<\/div>\n\t\t\t\t<\/div>\n\t\t\t\t\t<\/div>\n\t\t<\/div>\n\t\t\t\t\t<\/div>\n\t\t<\/section>\n\t\t\t\t<section class=\"elementor-section elementor-top-section elementor-element elementor-element-a2e290e elementor-section-boxed elementor-section-height-default elementor-section-height-default\" data-id=\"a2e290e\" data-element_type=\"section\" data-e-type=\"section\">\n\t\t\t\t\t\t<div class=\"elementor-container elementor-column-gap-default\">\n\t\t\t\t\t<div class=\"elementor-column elementor-col-100 elementor-top-column elementor-element elementor-element-bbc456b\" data-id=\"bbc456b\" data-element_type=\"column\" data-e-type=\"column\">\n\t\t\t<div class=\"elementor-widget-wrap elementor-element-populated\">\n\t\t\t\t\t\t<div class=\"elementor-element elementor-element-615aace elementor-widget elementor-widget-heading\" data-id=\"615aace\" data-element_type=\"widget\" data-e-type=\"widget\" data-widget_type=\"heading.default\">\n\t\t\t\t<div class=\"elementor-widget-container\">\n\t\t\t\t\t<h2 class=\"elementor-heading-title elementor-size-default\"><span class=\"ez-toc-section\" id=\"Nouvelles_Hard_SF_lInversion\"><\/span>Nouvelles Hard SF : l'Inversion<span class=\"ez-toc-section-end\"><\/span><\/h2>\t\t\t\t<\/div>\n\t\t\t\t<\/div>\n\t\t\t\t\t<\/div>\n\t\t<\/div>\n\t\t\t\t\t<\/div>\n\t\t<\/section>\n\t\t\t\t<section class=\"elementor-section elementor-top-section elementor-element elementor-element-0058b1c elementor-section-boxed elementor-section-height-default elementor-section-height-default\" data-id=\"0058b1c\" data-element_type=\"section\" data-e-type=\"section\">\n\t\t\t\t\t\t<div class=\"elementor-container elementor-column-gap-default\">\n\t\t\t\t\t<div class=\"elementor-column elementor-col-100 elementor-top-column elementor-element elementor-element-cdac9c2\" data-id=\"cdac9c2\" data-element_type=\"column\" data-e-type=\"column\">\n\t\t\t<div class=\"elementor-widget-wrap elementor-element-populated\">\n\t\t\t\t\t\t<div class=\"elementor-element elementor-element-163e74f elementor-widget elementor-widget-toggle\" data-id=\"163e74f\" data-element_type=\"widget\" data-e-type=\"widget\" data-widget_type=\"toggle.default\">\n\t\t\t\t<div class=\"elementor-widget-container\">\n\t\t\t\t\t\t\t<div class=\"elementor-toggle\">\n\t\t\t\t\t\t\t<div class=\"elementor-toggle-item\">\n\t\t\t\t\t<div id=\"elementor-tab-title-2331\" class=\"elementor-tab-title\" data-tab=\"1\" role=\"button\" aria-controls=\"elementor-tab-content-2331\" aria-expanded=\"false\">\n\t\t\t\t\t\t\t\t\t\t\t\t<span class=\"elementor-toggle-icon elementor-toggle-icon-left\" aria-hidden=\"true\">\n\t\t\t\t\t\t\t\t\t\t\t\t\t\t\t<span class=\"elementor-toggle-icon-closed\"><i class=\"fas fa-caret-right\"><\/i><\/span>\n\t\t\t\t\t\t\t\t<span class=\"elementor-toggle-icon-opened\"><i class=\"elementor-toggle-icon-opened fas fa-caret-up\"><\/i><\/span>\n\t\t\t\t\t\t\t\t\t\t\t\t\t<\/span>\n\t\t\t\t\t\t\t\t\t\t\t\t<a class=\"elementor-toggle-title\" tabindex=\"0\">L'Inversion Tome 1<\/a>\n\t\t\t\t\t<\/div>\n\n\t\t\t\t\t<div id=\"elementor-tab-content-2331\" class=\"elementor-tab-content elementor-clearfix\" data-tab=\"1\" role=\"region\" aria-labelledby=\"elementor-tab-title-2331\"><p><a href=\"https:\/\/guillaume-guerard.com\/en\/auteur-science-fiction-et-mythologie\/inversion-tome-1-lere-des-replicants-numeriques\/\"><strong>L&rsquo;\u00e8re des R\u00e9plicants Num\u00e9riques<\/strong><\/a><\/p><p><a href=\"https:\/\/guillaume-guerard.com\/en\/auteur-science-fiction-et-mythologie\/inversion-tome-1-la-matrice-des-donnees\/\"><strong>The Data Matrix<\/strong><\/a><\/p><p><a href=\"https:\/\/guillaume-guerard.com\/en\/auteur-science-fiction-et-mythologie\/inversion-tome-1-la-revolte-des-fantomes\/\"><strong>La R\u00e9volte des Fant\u00f4mes<\/strong><\/a><\/p><p><a href=\"https:\/\/guillaume-guerard.com\/en\/auteur-science-fiction-et-mythologie\/inversion-tome-1-la-derniere-connexion-humaine\/\"><strong>La Derni\u00e8re Connexion Humaine<\/strong><\/a><\/p><p><a href=\"https:\/\/guillaume-guerard.com\/en\/auteur-science-fiction-et-mythologie\/inversion-tome-1-lere-du-shrimp-jesus\/\"><strong>L&rsquo;\u00c8re du Shrimp J\u00e9sus<\/strong><\/a><\/p><p><a href=\"https:\/\/guillaume-guerard.com\/en\/auteur-science-fiction-et-mythologie\/inversion-tome-1-inversion\/\"><strong>L&rsquo;Inversion<\/strong><\/a><\/p><\/div>\n\t\t\t\t<\/div>\n\t\t\t\t\t\t\t<div class=\"elementor-toggle-item\">\n\t\t\t\t\t<div id=\"elementor-tab-title-2332\" class=\"elementor-tab-title\" data-tab=\"2\" role=\"button\" aria-controls=\"elementor-tab-content-2332\" aria-expanded=\"false\">\n\t\t\t\t\t\t\t\t\t\t\t\t<span class=\"elementor-toggle-icon elementor-toggle-icon-left\" aria-hidden=\"true\">\n\t\t\t\t\t\t\t\t\t\t\t\t\t\t\t<span class=\"elementor-toggle-icon-closed\"><i class=\"fas fa-caret-right\"><\/i><\/span>\n\t\t\t\t\t\t\t\t<span class=\"elementor-toggle-icon-opened\"><i class=\"elementor-toggle-icon-opened fas fa-caret-up\"><\/i><\/span>\n\t\t\t\t\t\t\t\t\t\t\t\t\t<\/span>\n\t\t\t\t\t\t\t\t\t\t\t\t<a class=\"elementor-toggle-title\" tabindex=\"0\">L'Inversion Tome 2<\/a>\n\t\t\t\t\t<\/div>\n\n\t\t\t\t\t<div id=\"elementor-tab-content-2332\" class=\"elementor-tab-content elementor-clearfix\" data-tab=\"2\" role=\"region\" aria-labelledby=\"elementor-tab-title-2332\"><p><strong><a href=\"https:\/\/guillaume-guerard.com\/en\/auteur-science-fiction-et-mythologie\/inversion-tome-2-les-injecteurs-de-savoir\/\">Knowledge Injectors<\/a><\/strong><\/p><p><a href=\"https:\/\/guillaume-guerard.com\/en\/auteur-science-fiction-et-mythologie\/inversion-tome-2-la-guerre-silencieuse\/\"><strong>The Silent War<\/strong><\/a><\/p><p class=\"reader-article-header__title\" dir=\"ltr\"><a href=\"https:\/\/guillaume-guerard.com\/en\/auteur-science-fiction-et-mythologie\/inversion-tome-2-le-seuil-de-cassandre\/\"><strong>Le Seuil de Cassandre<\/strong><\/a><\/p><p class=\"reader-article-header__title\" dir=\"ltr\"><a href=\"https:\/\/guillaume-guerard.com\/en\/auteur-science-fiction-et-mythologie\/inversion-tome-2-la-vallee-des-doubles\/\"><strong>La Vall\u00e9e des Doubles<\/strong><\/a><\/p><p dir=\"ltr\"><a href=\"https:\/\/guillaume-guerard.com\/en\/auteur-science-fiction-et-mythologie\/inversion-tome-2-le-signal\/\"><strong>Le Signal<\/strong><\/a><\/p><p class=\"reader-article-header__title\" dir=\"ltr\"><a href=\"https:\/\/guillaume-guerard.com\/en\/auteur-science-fiction-et-mythologie\/inversion-tome-2-convergence-instrumentale\/\"><strong>Convergence Instrumentale<\/strong><\/a><\/p><\/div>\n\t\t\t\t<\/div>\n\t\t\t\t\t\t\t\t<\/div>\n\t\t\t\t\t\t<\/div>\n\t\t\t\t<\/div>\n\t\t\t\t\t<\/div>\n\t\t<\/div>\n\t\t\t\t\t<\/div>\n\t\t<\/section>\n\t\t\t\t<section class=\"elementor-section elementor-top-section elementor-element elementor-element-cff806a elementor-section-boxed elementor-section-height-default elementor-section-height-default\" data-id=\"cff806a\" data-element_type=\"section\" data-e-type=\"section\">\n\t\t\t\t\t\t<div class=\"elementor-container elementor-column-gap-default\">\n\t\t\t\t\t<div class=\"elementor-column elementor-col-100 elementor-top-column elementor-element elementor-element-a5b4963\" data-id=\"a5b4963\" data-element_type=\"column\" data-e-type=\"column\">\n\t\t\t<div class=\"elementor-widget-wrap elementor-element-populated\">\n\t\t\t\t\t\t<div class=\"elementor-element elementor-element-6d2f122 elementor-widget elementor-widget-heading\" data-id=\"6d2f122\" data-element_type=\"widget\" data-e-type=\"widget\" data-widget_type=\"heading.default\">\n\t\t\t\t<div class=\"elementor-widget-container\">\n\t\t\t\t\t<h2 class=\"elementor-heading-title elementor-size-default\"><span class=\"ez-toc-section\" id=\"Mythologies_et_legendes\"><\/span><a href=\"https:\/\/www.amazon.fr\/dp\/B0GHY171S3?binding=kindle_edition&#038;linkCode=ll2&#038;tag=mythscience-21&#038;linkId=cd4992864308192207e3ec8f1fd66bb9&#038;ref_=as_li_ss_tl\" target=\"_blank\" rel=\"noopener\">Mythologies et l\u00e9gendes<\/a><span class=\"ez-toc-section-end\"><\/span><\/h2>\t\t\t\t<\/div>\n\t\t\t\t<\/div>\n\t\t\t\t\t<\/div>\n\t\t<\/div>\n\t\t\t\t\t<\/div>\n\t\t<\/section>\n\t\t\t\t<section class=\"elementor-section elementor-top-section elementor-element elementor-element-7fe7612 elementor-section-boxed elementor-section-height-default elementor-section-height-default\" data-id=\"7fe7612\" data-element_type=\"section\" data-e-type=\"section\">\n\t\t\t\t\t\t<div class=\"elementor-container elementor-column-gap-default\">\n\t\t\t\t\t<div class=\"elementor-column elementor-col-100 elementor-top-column elementor-element elementor-element-adb0305\" data-id=\"adb0305\" data-element_type=\"column\" data-e-type=\"column\">\n\t\t\t<div class=\"elementor-widget-wrap elementor-element-populated\">\n\t\t\t\t\t\t<div class=\"elementor-element elementor-element-da020a1 elementor-widget elementor-widget-heading\" data-id=\"da020a1\" data-element_type=\"widget\" data-e-type=\"widget\" data-widget_type=\"heading.default\">\n\t\t\t\t<div class=\"elementor-widget-container\">\n\t\t\t\t\t<h2 class=\"elementor-heading-title elementor-size-default\"><span class=\"ez-toc-section\" id=\"Mythologies_et_legendes_pour_enfants\"><\/span><a href=\"https:\/\/www.amazon.fr\/dp\/B0GFP4F122?binding=kindle_edition&#038;linkCode=ll2&#038;tag=mythscience-21&#038;linkId=2a9d2e88ba5f6ba5af17ae6210e86d35&#038;ref_=as_li_ss_tl\" target=\"_blank\" rel=\"noopener\">Mythologies et l\u00e9gendes pour enfants<\/a><span class=\"ez-toc-section-end\"><\/span><\/h2>\t\t\t\t<\/div>\n\t\t\t\t<\/div>\n\t\t\t\t\t<\/div>\n\t\t<\/div>\n\t\t\t\t\t<\/div>\n\t\t<\/section>\n\t\t\t\t<\/div>","protected":false},"excerpt":{"rendered":"<p>Find my science fiction and mythology books. Find all my books on Amazon (click on this link). <\/p>","protected":false},"author":1,"featured_media":0,"parent":0,"menu_order":0,"comment_status":"closed","ping_status":"closed","template":"","meta":{"footnotes":""},"class_list":["post-2180","page","type-page","status-publish","hentry"],"_links":{"self":[{"href":"https:\/\/guillaume-guerard.com\/en\/wp-json\/wp\/v2\/pages\/2180","targetHints":{"allow":["GET"]}}],"collection":[{"href":"https:\/\/guillaume-guerard.com\/en\/wp-json\/wp\/v2\/pages"}],"about":[{"href":"https:\/\/guillaume-guerard.com\/en\/wp-json\/wp\/v2\/types\/page"}],"author":[{"embeddable":true,"href":"https:\/\/guillaume-guerard.com\/en\/wp-json\/wp\/v2\/users\/1"}],"replies":[{"embeddable":true,"href":"https:\/\/guillaume-guerard.com\/en\/wp-json\/wp\/v2\/comments?post=2180"}],"version-history":[{"count":55,"href":"https:\/\/guillaume-guerard.com\/en\/wp-json\/wp\/v2\/pages\/2180\/revisions"}],"predecessor-version":[{"id":2419,"href":"https:\/\/guillaume-guerard.com\/en\/wp-json\/wp\/v2\/pages\/2180\/revisions\/2419"}],"wp:attachment":[{"href":"https:\/\/guillaume-guerard.com\/en\/wp-json\/wp\/v2\/media?parent=2180"}],"curies":[{"name":"wp","href":"https:\/\/api.w.org\/{rel}","templated":true}]}}