{"id":1950,"date":"2025-01-08T15:14:52","date_gmt":"2025-01-08T14:14:52","guid":{"rendered":"https:\/\/guillaume-guerard.com\/?page_id=1950"},"modified":"2025-01-08T15:24:05","modified_gmt":"2025-01-08T14:24:05","slug":"pensee-critique-et-zetetique","status":"publish","type":"page","link":"https:\/\/guillaume-guerard.com\/en\/cours-de-methodologie\/pensee-critique-et-zetetique\/","title":{"rendered":"Critical Thinking and Skepticism"},"content":{"rendered":"<div data-elementor-type=\"wp-page\" data-elementor-id=\"1950\" class=\"elementor elementor-1950\">\n\t\t\t\t\t\t<section class=\"elementor-section elementor-top-section elementor-element elementor-element-2a8bf60 elementor-section-boxed elementor-section-height-default elementor-section-height-default\" data-id=\"2a8bf60\" data-element_type=\"section\" data-e-type=\"section\">\n\t\t\t\t\t\t<div class=\"elementor-container elementor-column-gap-default\">\n\t\t\t\t\t<div class=\"elementor-column elementor-col-50 elementor-top-column elementor-element elementor-element-0e6d13d\" data-id=\"0e6d13d\" data-element_type=\"column\" data-e-type=\"column\">\n\t\t\t<div class=\"elementor-widget-wrap elementor-element-populated\">\n\t\t\t\t\t\t<div class=\"elementor-element elementor-element-9d2e458 elementor-align-justify elementor-widget elementor-widget-button\" data-id=\"9d2e458\" data-element_type=\"widget\" data-e-type=\"widget\" data-widget_type=\"button.default\">\n\t\t\t\t<div class=\"elementor-widget-container\">\n\t\t\t\t\t\t\t\t\t<div class=\"elementor-button-wrapper\">\n\t\t\t\t\t<a class=\"elementor-button elementor-button-link elementor-size-sm\" href=\"https:\/\/guillaume-guerard.com\/en\/\">\n\t\t\t\t\t\t<span class=\"elementor-button-content-wrapper\">\n\t\t\t\t\t\t\t\t\t<span class=\"elementor-button-text\">Welcome<\/span>\n\t\t\t\t\t<\/span>\n\t\t\t\t\t<\/a>\n\t\t\t\t<\/div>\n\t\t\t\t\t\t\t\t<\/div>\n\t\t\t\t<\/div>\n\t\t\t\t\t<\/div>\n\t\t<\/div>\n\t\t\t\t<div class=\"elementor-column elementor-col-50 elementor-top-column elementor-element elementor-element-2fa58ba\" data-id=\"2fa58ba\" data-element_type=\"column\" data-e-type=\"column\">\n\t\t\t<div class=\"elementor-widget-wrap elementor-element-populated\">\n\t\t\t\t\t\t<div class=\"elementor-element elementor-element-5a63318 elementor-align-justify elementor-widget elementor-widget-button\" data-id=\"5a63318\" data-element_type=\"widget\" data-e-type=\"widget\" data-widget_type=\"button.default\">\n\t\t\t\t<div class=\"elementor-widget-container\">\n\t\t\t\t\t\t\t\t\t<div class=\"elementor-button-wrapper\">\n\t\t\t\t\t<a class=\"elementor-button elementor-button-link elementor-size-sm\" href=\"https:\/\/complex-systems-ai.com\/\" target=\"_blank\" rel=\"noopener\">\n\t\t\t\t\t\t<span class=\"elementor-button-content-wrapper\">\n\t\t\t\t\t\t\t\t\t<span class=\"elementor-button-text\">Data Science<\/span>\n\t\t\t\t\t<\/span>\n\t\t\t\t\t<\/a>\n\t\t\t\t<\/div>\n\t\t\t\t\t\t\t\t<\/div>\n\t\t\t\t<\/div>\n\t\t\t\t\t<\/div>\n\t\t<\/div>\n\t\t\t\t\t<\/div>\n\t\t<\/section>\n\t\t\t\t<section class=\"elementor-section elementor-top-section elementor-element elementor-element-0b7a8dc elementor-section-boxed elementor-section-height-default elementor-section-height-default\" data-id=\"0b7a8dc\" data-element_type=\"section\" data-e-type=\"section\">\n\t\t\t\t\t\t<div class=\"elementor-container elementor-column-gap-default\">\n\t\t\t\t\t<div class=\"elementor-column elementor-col-100 elementor-top-column elementor-element elementor-element-b3bf701\" data-id=\"b3bf701\" data-element_type=\"column\" data-e-type=\"column\">\n\t\t\t<div class=\"elementor-widget-wrap elementor-element-populated\">\n\t\t\t\t\t\t<div class=\"elementor-element elementor-element-580f116 elementor-widget elementor-widget-heading\" data-id=\"580f116\" data-element_type=\"widget\" data-e-type=\"widget\" data-widget_type=\"heading.default\">\n\t\t\t\t<div class=\"elementor-widget-container\">\n\t\t\t\t\t<div id=\"ez-toc-container\" class=\"ez-toc-v2_0_82_2 counter-hierarchy ez-toc-counter ez-toc-grey ez-toc-container-direction\">\n<div class=\"ez-toc-title-container\">\n<p class=\"ez-toc-title\" style=\"cursor:inherit\">Page contents<\/p>\n<span class=\"ez-toc-title-toggle\"><a href=\"#\" class=\"ez-toc-pull-right ez-toc-btn ez-toc-btn-xs ez-toc-btn-default ez-toc-toggle\" aria-label=\"Toggle Table of Contents\"><span class=\"ez-toc-js-icon-con\"><span class=\"\"><span class=\"eztoc-hide\" style=\"display:none;\">Toggle<\/span><span class=\"ez-toc-icon-toggle-span\"><svg style=\"fill: #999;color:#999\" xmlns=\"http:\/\/www.w3.org\/2000\/svg\" class=\"list-377408\" width=\"20px\" height=\"20px\" viewbox=\"0 0 24 24\" fill=\"none\"><path d=\"M6 6H4v2h2V6zm14 0H8v2h12V6zM4 11h2v2H4v-2zm16 0H8v2h12v-2zM4 16h2v2H4v-2zm16 0H8v2h12v-2z\" fill=\"currentColor\"><\/path><\/svg><svg style=\"fill: #999;color:#999\" class=\"arrow-unsorted-368013\" xmlns=\"http:\/\/www.w3.org\/2000\/svg\" width=\"10px\" height=\"10px\" viewbox=\"0 0 24 24\" version=\"1.2\" baseprofile=\"tiny\"><path d=\"M18.2 9.3l-6.2-6.3-6.2 6.3c-.2.2-.3.4-.3.7s.1.5.3.7c.2.2.4.3.7.3h11c.3 0 .5-.1.7-.3.2-.2.3-.5.3-.7s-.1-.5-.3-.7zM5.8 14.7l6.2 6.3 6.2-6.3c.2-.2.3-.5.3-.7s-.1-.5-.3-.7c-.2-.2-.4-.3-.7-.3h-11c-.3 0-.5.1-.7.3-.2.2-.3.5-.3.7s.1.5.3.7z\"\/><\/svg><\/span><\/span><\/span><\/a><\/span><\/div>\n<nav><ul class='ez-toc-list ez-toc-list-level-1' ><li class='ez-toc-page-1 ez-toc-heading-level-2'><a class=\"ez-toc-link ez-toc-heading-1\" href=\"https:\/\/guillaume-guerard.com\/en\/cours-de-methodologie\/pensee-critique-et-zetetique\/#Une_approche_zetetique_de_la_pensee_critique_en_recherche\" >A zetetic approach to critical thinking in research<\/a><\/li><li class='ez-toc-page-1 ez-toc-heading-level-2'><a class=\"ez-toc-link ez-toc-heading-2\" href=\"https:\/\/guillaume-guerard.com\/en\/cours-de-methodologie\/pensee-critique-et-zetetique\/#Principes_de_la_pensee_zetetique\" >Principles of zetetic thought<\/a><\/li><li class='ez-toc-page-1 ez-toc-heading-level-2'><a class=\"ez-toc-link ez-toc-heading-3\" href=\"https:\/\/guillaume-guerard.com\/en\/cours-de-methodologie\/pensee-critique-et-zetetique\/#Pourquoi_la_pensee_zetetique_est_importante_en_recherche\" >Why zetetic thinking is important in research<\/a><\/li><li class='ez-toc-page-1 ez-toc-heading-level-2'><a class=\"ez-toc-link ez-toc-heading-4\" href=\"https:\/\/guillaume-guerard.com\/en\/cours-de-methodologie\/pensee-critique-et-zetetique\/#Conclusion\" >Conclusion<\/a><\/li><\/ul><\/nav><\/div>\n<h2 class=\"elementor-heading-title elementor-size-default\"><span class=\"ez-toc-section\" id=\"Une_approche_zetetique_de_la_pensee_critique_en_recherche\"><\/span>A zetetic approach to critical thinking in research<span class=\"ez-toc-section-end\"><\/span><\/h2>\t\t\t\t<\/div>\n\t\t\t\t<\/div>\n\t\t\t\t\t<\/div>\n\t\t<\/div>\n\t\t\t\t\t<\/div>\n\t\t<\/section>\n\t\t\t\t<section class=\"elementor-section elementor-top-section elementor-element elementor-element-bd660b5 elementor-section-boxed elementor-section-height-default elementor-section-height-default\" data-id=\"bd660b5\" data-element_type=\"section\" data-e-type=\"section\">\n\t\t\t\t\t\t<div class=\"elementor-container elementor-column-gap-default\">\n\t\t\t\t\t<div class=\"elementor-column elementor-col-100 elementor-top-column elementor-element elementor-element-5818c35\" data-id=\"5818c35\" data-element_type=\"column\" data-e-type=\"column\">\n\t\t\t<div class=\"elementor-widget-wrap elementor-element-populated\">\n\t\t\t\t\t\t<div class=\"elementor-element elementor-element-ce8f5ec elementor-widget elementor-widget-text-editor\" data-id=\"ce8f5ec\" data-element_type=\"widget\" data-e-type=\"widget\" data-widget_type=\"text-editor.default\">\n\t\t\t\t<div class=\"elementor-widget-container\">\n\t\t\t\t\t\t\t\t\t<p>At the heart of research is the quest for answers \u2013 but what if we focused more on the process of that quest itself? This is the essence of the zetetic approach. From the Greek word <i><span style=\"font-weight: 400;\">zetetics<\/span><\/i>, meaning \u201cto seek or investigate,\u201d zetetic thinking emphasizes curiosity, questioning, and open-ended exploration.\u00a0<\/p><p>It invites researchers to embrace uncertainty, question assumptions, and approach their work with an open mind, prioritizing intellectual journey rather than rushing to conclusions. For scientists and researchers, this mindset can be transformative, encouraging deeper thinking and more innovative solutions in a world that is constantly changing and filled with complex problems.<\/p><p><img decoding=\"async\" class=\"alignnone wp-image-49 size-full\" src=\"http:\/\/guillaume-guerard.com\/wp-content\/uploads\/2023\/07\/logo_sc.png\" alt=\"z\u00e9t\u00e9tique\" width=\"238\" height=\"203\" \/><\/p>\t\t\t\t\t\t\t\t<\/div>\n\t\t\t\t<\/div>\n\t\t\t\t\t<\/div>\n\t\t<\/div>\n\t\t\t\t\t<\/div>\n\t\t<\/section>\n\t\t\t\t<section class=\"elementor-section elementor-top-section elementor-element elementor-element-f2884c7 elementor-section-boxed elementor-section-height-default elementor-section-height-default\" data-id=\"f2884c7\" data-element_type=\"section\" data-e-type=\"section\">\n\t\t\t\t\t\t<div class=\"elementor-container elementor-column-gap-default\">\n\t\t\t\t\t<div class=\"elementor-column elementor-col-100 elementor-top-column elementor-element elementor-element-5ca6dfc\" data-id=\"5ca6dfc\" data-element_type=\"column\" data-e-type=\"column\">\n\t\t\t<div class=\"elementor-widget-wrap elementor-element-populated\">\n\t\t\t\t\t\t<div class=\"elementor-element elementor-element-20ef1a7 elementor-widget elementor-widget-heading\" data-id=\"20ef1a7\" data-element_type=\"widget\" data-e-type=\"widget\" data-widget_type=\"heading.default\">\n\t\t\t\t<div class=\"elementor-widget-container\">\n\t\t\t\t\t<h2 class=\"elementor-heading-title elementor-size-default\"><span class=\"ez-toc-section\" id=\"Principes_de_la_pensee_zetetique\"><\/span>Principles of zetetic thought<span class=\"ez-toc-section-end\"><\/span><\/h2>\t\t\t\t<\/div>\n\t\t\t\t<\/div>\n\t\t\t\t\t<\/div>\n\t\t<\/div>\n\t\t\t\t\t<\/div>\n\t\t<\/section>\n\t\t\t\t<section class=\"elementor-section elementor-top-section elementor-element elementor-element-2859620 elementor-section-boxed elementor-section-height-default elementor-section-height-default\" data-id=\"2859620\" data-element_type=\"section\" data-e-type=\"section\">\n\t\t\t\t\t\t<div class=\"elementor-container elementor-column-gap-default\">\n\t\t\t\t\t<div class=\"elementor-column elementor-col-100 elementor-top-column elementor-element elementor-element-3cb04fa\" data-id=\"3cb04fa\" data-element_type=\"column\" data-e-type=\"column\">\n\t\t\t<div class=\"elementor-widget-wrap elementor-element-populated\">\n\t\t\t\t\t\t<div class=\"elementor-element elementor-element-fec7738 elementor-widget elementor-widget-text-editor\" data-id=\"fec7738\" data-element_type=\"widget\" data-e-type=\"widget\" data-widget_type=\"text-editor.default\">\n\t\t\t\t<div class=\"elementor-widget-container\">\n\t\t\t\t\t\t\t\t\t<p><span style=\"font-weight: 400;\">Zetetic thinking differs from traditional approaches in that it does not aim for quick answers. Instead, it values the process of questioning and exploring possibilities. Here&#039;s what it looks like in practice:<\/span><\/p><p><b>Curiosity rather than certainty<\/b><span style=\"font-weight: 400;\"> : A zetetic mindset puts curiosity first. Rather than immediately seeking to prove a hypothesis, it focuses on exploring all possible angles and perspectives.<\/span><\/p><p><b>Constructive skepticism<\/b><span style=\"font-weight: 400;\"> : It&#039;s not about questioning everything, but about critically evaluating the evidence and being willing to revise your beliefs in the face of new information.<\/span><\/p><p><b>Interdisciplinary exploration<\/b><span style=\"font-weight: 400;\"> : THE <a href=\"https:\/\/guillaume-guerard.com\/en\/cours-de-methodologie\/definir-les-questions-scientifiques\/\">questions<\/a> Complex problems often span multiple domains, and zetetic thinking thrives on making connections across disciplines.<\/span><\/p><p><b>Iterative questioning<\/b><span style=\"font-weight: 400;\"> : The process of asking, refining, and re-asking questions keeps the inquiry dynamic and constantly evolving.<\/span><\/p><p><b>Epistemic Humility<\/b><span style=\"font-weight: 400;\"> : Recognizing the limits of what we know (or think we know) is central to this approach. It allows researchers to remain grounded and open to learning.<\/span><\/p><p><img fetchpriority=\"high\" decoding=\"async\" class=\"alignnone wp-image-1959 size-full\" src=\"http:\/\/guillaume-guerard.com\/wp-content\/uploads\/2025\/01\/criticalthinking11.png\" alt=\"pens\u00e9e critique z\u00e9t\u00e9tique\" width=\"653\" height=\"527\" srcset=\"https:\/\/guillaume-guerard.com\/wp-content\/uploads\/2025\/01\/criticalthinking11.png 653w, https:\/\/guillaume-guerard.com\/wp-content\/uploads\/2025\/01\/criticalthinking11-300x242.png 300w, https:\/\/guillaume-guerard.com\/wp-content\/uploads\/2025\/01\/criticalthinking11-15x12.png 15w\" sizes=\"(max-width: 653px) 100vw, 653px\" \/><\/p>\t\t\t\t\t\t\t\t<\/div>\n\t\t\t\t<\/div>\n\t\t\t\t\t<\/div>\n\t\t<\/div>\n\t\t\t\t\t<\/div>\n\t\t<\/section>\n\t\t\t\t<section class=\"elementor-section elementor-top-section elementor-element elementor-element-2fcb688 elementor-section-boxed elementor-section-height-default elementor-section-height-default\" data-id=\"2fcb688\" data-element_type=\"section\" data-e-type=\"section\">\n\t\t\t\t\t\t<div class=\"elementor-container elementor-column-gap-default\">\n\t\t\t\t\t<div class=\"elementor-column elementor-col-100 elementor-top-column elementor-element elementor-element-ed4f56f\" data-id=\"ed4f56f\" data-element_type=\"column\" data-e-type=\"column\">\n\t\t\t<div class=\"elementor-widget-wrap elementor-element-populated\">\n\t\t\t\t\t\t<div class=\"elementor-element elementor-element-fa7df43 elementor-widget elementor-widget-heading\" data-id=\"fa7df43\" data-element_type=\"widget\" data-e-type=\"widget\" data-widget_type=\"heading.default\">\n\t\t\t\t<div class=\"elementor-widget-container\">\n\t\t\t\t\t<h2 class=\"elementor-heading-title elementor-size-default\"><span class=\"ez-toc-section\" id=\"Pourquoi_la_pensee_zetetique_est_importante_en_recherche\"><\/span>Why zetetic thinking is important in research<span class=\"ez-toc-section-end\"><\/span><\/h2>\t\t\t\t<\/div>\n\t\t\t\t<\/div>\n\t\t\t\t\t<\/div>\n\t\t<\/div>\n\t\t\t\t\t<\/div>\n\t\t<\/section>\n\t\t\t\t<section class=\"elementor-section elementor-top-section elementor-element elementor-element-4f79468 elementor-section-boxed elementor-section-height-default elementor-section-height-default\" data-id=\"4f79468\" data-element_type=\"section\" data-e-type=\"section\">\n\t\t\t\t\t\t<div class=\"elementor-container elementor-column-gap-default\">\n\t\t\t\t\t<div class=\"elementor-column elementor-col-100 elementor-top-column elementor-element elementor-element-bea7902\" data-id=\"bea7902\" data-element_type=\"column\" data-e-type=\"column\">\n\t\t\t<div class=\"elementor-widget-wrap elementor-element-populated\">\n\t\t\t\t\t\t<div class=\"elementor-element elementor-element-947bb0f elementor-widget elementor-widget-text-editor\" data-id=\"947bb0f\" data-element_type=\"widget\" data-e-type=\"widget\" data-widget_type=\"text-editor.default\">\n\t\t\t\t<div class=\"elementor-widget-container\">\n\t\t\t\t\t\t\t\t\t<p><span style=\"font-weight: 400;\">In today\u2019s fast-paced world of research, there is often pressure to find answers quickly\u2014whether to secure funding, meet publication deadlines, or address pressing societal challenges. Zetetic thinking slows this process, encouraging researchers to ask themselves, \u201cWhat am I missing?\u201d or \u201cWhat if I looked at this problem from a different perspective?\u201d This openness can lead to breakthrough discoveries by revealing connections and insights that a more rigid approach might overlook.<\/span><\/p><p><span style=\"font-weight: 400;\">It also fosters intellectual curiosity. By adopting a zetetic mindset, the researcher does not simply seek to confirm what he suspects; he strives to understand deeply. This can lead to richer and more meaningful ideas that advance knowledge in unexpected ways. The discussion of <a href=\"https:\/\/guillaume-guerard.com\/en\/cours-de-methodologie\/parfaire-la-section-resultats\/\">results<\/a> (in yellow) is a personal interpretation of the results, a skeptical and critical approach allows us to avoid falling into interpretation biases.<\/span><\/p><p><img decoding=\"async\" class=\"alignnone wp-image-1960 size-full\" src=\"http:\/\/guillaume-guerard.com\/wp-content\/uploads\/2025\/01\/criticalthinking12.png\" alt=\"pens\u00e9e critique interpr\u00e9tation des r\u00e9sultats\" width=\"649\" height=\"408\" srcset=\"https:\/\/guillaume-guerard.com\/wp-content\/uploads\/2025\/01\/criticalthinking12.png 649w, https:\/\/guillaume-guerard.com\/wp-content\/uploads\/2025\/01\/criticalthinking12-300x189.png 300w, https:\/\/guillaume-guerard.com\/wp-content\/uploads\/2025\/01\/criticalthinking12-18x12.png 18w\" sizes=\"(max-width: 649px) 100vw, 649px\" \/><\/p><p><span style=\"font-weight: 400;\">A zetetic approach can be integrated into each stage of the research process:<\/span><\/p><ul><li style=\"font-weight: 400;\" aria-level=\"1\"><b>Ask the right questions<\/b><span style=\"font-weight: 400;\"> : Instead of jumping to solutions, start with open-ended questions like \u201cWhat else could this mean?\u201d or \u201cWhat did we forget to consider?\u201d<\/span><\/li><li style=\"font-weight: 400;\" aria-level=\"1\"><b>Dig deeper into reviews of <a href=\"https:\/\/guillaume-guerard.com\/en\/cours-de-methodologie\/etat-de-lart-scientifique\/\">literature<\/a><\/b><span style=\"font-weight: 400;\"> : Don\u2019t limit yourself to studies that confirm your ideas. Actively seek out conflicting evidence or perspectives that challenge your assumptions.<\/span><\/li><li style=\"font-weight: 400;\" aria-level=\"1\"><b>Flexibility in the <a href=\"https:\/\/guillaume-guerard.com\/en\/cours-de-methodologie\/parfaire-la-methodologie\/\">methods<\/a><\/b><span style=\"font-weight: 400;\"> : Be prepared to adapt your <a href=\"https:\/\/guillaume-guerard.com\/en\/cours-de-methodologie\/\">methodology<\/a> as your understanding evolves. For example, an experiment may reveal unexpected variables that merit further exploration.<\/span><\/li><li style=\"font-weight: 400;\" aria-level=\"1\"><b>Data interpretation<\/b><span style=\"font-weight: 400;\"> : Avoid forcing data into preconceived frameworks. Instead, let the results guide new questions.<\/span><\/li><li><b>Sharing results<\/b><span style=\"font-weight: 400;\"> : When presenting results, highlight uncertainties and areas requiring further exploration. This invites collaboration and keeps the dialogue open.<\/span><\/li><\/ul>\t\t\t\t\t\t\t\t<\/div>\n\t\t\t\t<\/div>\n\t\t\t\t\t<\/div>\n\t\t<\/div>\n\t\t\t\t\t<\/div>\n\t\t<\/section>\n\t\t\t\t<section class=\"elementor-section elementor-top-section elementor-element elementor-element-cb490b7 elementor-section-boxed elementor-section-height-default elementor-section-height-default\" data-id=\"cb490b7\" data-element_type=\"section\" data-e-type=\"section\">\n\t\t\t\t\t\t<div class=\"elementor-container elementor-column-gap-default\">\n\t\t\t\t\t<div class=\"elementor-column elementor-col-100 elementor-top-column elementor-element elementor-element-f3bca8d\" data-id=\"f3bca8d\" data-element_type=\"column\" data-e-type=\"column\">\n\t\t\t<div class=\"elementor-widget-wrap elementor-element-populated\">\n\t\t\t\t\t\t<div class=\"elementor-element elementor-element-0f8617e elementor-widget elementor-widget-heading\" data-id=\"0f8617e\" data-element_type=\"widget\" data-e-type=\"widget\" data-widget_type=\"heading.default\">\n\t\t\t\t<div class=\"elementor-widget-container\">\n\t\t\t\t\t<h2 class=\"elementor-heading-title elementor-size-default\"><span class=\"ez-toc-section\" id=\"Conclusion\"><\/span>Conclusion<span class=\"ez-toc-section-end\"><\/span><\/h2>\t\t\t\t<\/div>\n\t\t\t\t<\/div>\n\t\t\t\t\t<\/div>\n\t\t<\/div>\n\t\t\t\t\t<\/div>\n\t\t<\/section>\n\t\t\t\t<section class=\"elementor-section elementor-top-section elementor-element elementor-element-9c2ad24 elementor-section-boxed elementor-section-height-default elementor-section-height-default\" data-id=\"9c2ad24\" data-element_type=\"section\" data-e-type=\"section\">\n\t\t\t\t\t\t<div class=\"elementor-container elementor-column-gap-default\">\n\t\t\t\t\t<div class=\"elementor-column elementor-col-100 elementor-top-column elementor-element elementor-element-3437d47\" data-id=\"3437d47\" data-element_type=\"column\" data-e-type=\"column\">\n\t\t\t<div class=\"elementor-widget-wrap elementor-element-populated\">\n\t\t\t\t\t\t<div class=\"elementor-element elementor-element-d04066b elementor-widget elementor-widget-text-editor\" data-id=\"d04066b\" data-element_type=\"widget\" data-e-type=\"widget\" data-widget_type=\"text-editor.default\">\n\t\t\t\t<div class=\"elementor-widget-container\">\n\t\t\t\t\t\t\t\t\t<p><span style=\"font-weight: 400;\">Zetetic thinking is a powerful complement to the <a href=\"https:\/\/guillaume-guerard.com\/en\/cours-de-methodologie\/pensee-critique-et-recherche\/\">critical thinking<\/a> traditional approach to research. With its emphasis on inquiry, reflection, and openness, it encourages researchers to explore new ideas, embrace uncertainty, and challenge their assumptions. In a world where pressure for quick answers often dominates, the zetetic approach reminds us that the journey of discovery is just as important as the destination. For researchers, this mindset can open doors to deeper insights, richer collaborations, and more responsible science.<\/span><\/p>\t\t\t\t\t\t\t\t<\/div>\n\t\t\t\t<\/div>\n\t\t\t\t\t<\/div>\n\t\t<\/div>\n\t\t\t\t\t<\/div>\n\t\t<\/section>\n\t\t\t\t<\/div>","protected":false},"excerpt":{"rendered":"<p>Home Data Science A zetetic approach to critical thinking in research At the heart of research is the \u2026 <\/p>","protected":false},"author":1,"featured_media":0,"parent":47,"menu_order":0,"comment_status":"closed","ping_status":"closed","template":"elementor_header_footer","meta":{"footnotes":""},"class_list":["post-1950","page","type-page","status-publish","hentry"],"_links":{"self":[{"href":"https:\/\/guillaume-guerard.com\/en\/wp-json\/wp\/v2\/pages\/1950","targetHints":{"allow":["GET"]}}],"collection":[{"href":"https:\/\/guillaume-guerard.com\/en\/wp-json\/wp\/v2\/pages"}],"about":[{"href":"https:\/\/guillaume-guerard.com\/en\/wp-json\/wp\/v2\/types\/page"}],"author":[{"embeddable":true,"href":"https:\/\/guillaume-guerard.com\/en\/wp-json\/wp\/v2\/users\/1"}],"replies":[{"embeddable":true,"href":"https:\/\/guillaume-guerard.com\/en\/wp-json\/wp\/v2\/comments?post=1950"}],"version-history":[{"count":7,"href":"https:\/\/guillaume-guerard.com\/en\/wp-json\/wp\/v2\/pages\/1950\/revisions"}],"predecessor-version":[{"id":1966,"href":"https:\/\/guillaume-guerard.com\/en\/wp-json\/wp\/v2\/pages\/1950\/revisions\/1966"}],"up":[{"embeddable":true,"href":"https:\/\/guillaume-guerard.com\/en\/wp-json\/wp\/v2\/pages\/47"}],"wp:attachment":[{"href":"https:\/\/guillaume-guerard.com\/en\/wp-json\/wp\/v2\/media?parent=1950"}],"curies":[{"name":"wp","href":"https:\/\/api.w.org\/{rel}","templated":true}]}}