{"id":1938,"date":"2025-01-08T13:43:54","date_gmt":"2025-01-08T12:43:54","guid":{"rendered":"https:\/\/guillaume-guerard.com\/?page_id=1938"},"modified":"2025-01-08T14:33:19","modified_gmt":"2025-01-08T13:33:19","slug":"pensee-critique-et-ethique","status":"publish","type":"page","link":"https:\/\/guillaume-guerard.com\/en\/cours-de-methodologie\/pensee-critique-et-ethique\/","title":{"rendered":"Critical thinking and ethics"},"content":{"rendered":"<div data-elementor-type=\"wp-page\" data-elementor-id=\"1938\" class=\"elementor elementor-1938\">\n\t\t\t\t\t\t<section class=\"elementor-section elementor-top-section elementor-element elementor-element-490dc53 elementor-section-boxed elementor-section-height-default elementor-section-height-default\" data-id=\"490dc53\" data-element_type=\"section\" data-e-type=\"section\">\n\t\t\t\t\t\t<div class=\"elementor-container elementor-column-gap-default\">\n\t\t\t\t\t<div class=\"elementor-column elementor-col-50 elementor-top-column elementor-element elementor-element-9ec8921\" data-id=\"9ec8921\" data-element_type=\"column\" data-e-type=\"column\">\n\t\t\t<div class=\"elementor-widget-wrap elementor-element-populated\">\n\t\t\t\t\t\t<div class=\"elementor-element elementor-element-7fd144a elementor-align-justify elementor-widget elementor-widget-button\" data-id=\"7fd144a\" data-element_type=\"widget\" data-e-type=\"widget\" data-widget_type=\"button.default\">\n\t\t\t\t<div class=\"elementor-widget-container\">\n\t\t\t\t\t\t\t\t\t<div class=\"elementor-button-wrapper\">\n\t\t\t\t\t<a class=\"elementor-button elementor-button-link elementor-size-sm\" href=\"https:\/\/guillaume-guerard.com\/en\/\">\n\t\t\t\t\t\t<span class=\"elementor-button-content-wrapper\">\n\t\t\t\t\t\t\t\t\t<span class=\"elementor-button-text\">Welcome<\/span>\n\t\t\t\t\t<\/span>\n\t\t\t\t\t<\/a>\n\t\t\t\t<\/div>\n\t\t\t\t\t\t\t\t<\/div>\n\t\t\t\t<\/div>\n\t\t\t\t\t<\/div>\n\t\t<\/div>\n\t\t\t\t<div class=\"elementor-column elementor-col-50 elementor-top-column elementor-element elementor-element-fe6e401\" data-id=\"fe6e401\" data-element_type=\"column\" data-e-type=\"column\">\n\t\t\t<div class=\"elementor-widget-wrap elementor-element-populated\">\n\t\t\t\t\t\t<div class=\"elementor-element elementor-element-78c7089 elementor-align-justify elementor-widget elementor-widget-button\" data-id=\"78c7089\" data-element_type=\"widget\" data-e-type=\"widget\" data-widget_type=\"button.default\">\n\t\t\t\t<div class=\"elementor-widget-container\">\n\t\t\t\t\t\t\t\t\t<div class=\"elementor-button-wrapper\">\n\t\t\t\t\t<a class=\"elementor-button elementor-button-link elementor-size-sm\" href=\"https:\/\/complex-systems-ai.com\/\" target=\"_blank\" rel=\"noopener\">\n\t\t\t\t\t\t<span class=\"elementor-button-content-wrapper\">\n\t\t\t\t\t\t\t\t\t<span class=\"elementor-button-text\">Data Science<\/span>\n\t\t\t\t\t<\/span>\n\t\t\t\t\t<\/a>\n\t\t\t\t<\/div>\n\t\t\t\t\t\t\t\t<\/div>\n\t\t\t\t<\/div>\n\t\t\t\t\t<\/div>\n\t\t<\/div>\n\t\t\t\t\t<\/div>\n\t\t<\/section>\n\t\t\t\t<section class=\"elementor-section elementor-top-section elementor-element elementor-element-3d3df89 elementor-section-boxed elementor-section-height-default elementor-section-height-default\" data-id=\"3d3df89\" data-element_type=\"section\" data-e-type=\"section\">\n\t\t\t\t\t\t<div class=\"elementor-container elementor-column-gap-default\">\n\t\t\t\t\t<div class=\"elementor-column elementor-col-100 elementor-top-column elementor-element elementor-element-2e8716a\" data-id=\"2e8716a\" data-element_type=\"column\" data-e-type=\"column\">\n\t\t\t<div class=\"elementor-widget-wrap elementor-element-populated\">\n\t\t\t\t\t\t<div class=\"elementor-element elementor-element-f1d4513 elementor-widget elementor-widget-heading\" data-id=\"f1d4513\" data-element_type=\"widget\" data-e-type=\"widget\" data-widget_type=\"heading.default\">\n\t\t\t\t<div class=\"elementor-widget-container\">\n\t\t\t\t\t<div id=\"ez-toc-container\" class=\"ez-toc-v2_0_82_2 counter-hierarchy ez-toc-counter ez-toc-grey ez-toc-container-direction\">\n<div class=\"ez-toc-title-container\">\n<p class=\"ez-toc-title\" style=\"cursor:inherit\">Page contents<\/p>\n<span class=\"ez-toc-title-toggle\"><a href=\"#\" class=\"ez-toc-pull-right ez-toc-btn ez-toc-btn-xs ez-toc-btn-default ez-toc-toggle\" aria-label=\"Toggle Table of Contents\"><span class=\"ez-toc-js-icon-con\"><span class=\"\"><span class=\"eztoc-hide\" style=\"display:none;\">Toggle<\/span><span class=\"ez-toc-icon-toggle-span\"><svg style=\"fill: #999;color:#999\" xmlns=\"http:\/\/www.w3.org\/2000\/svg\" class=\"list-377408\" width=\"20px\" height=\"20px\" viewbox=\"0 0 24 24\" fill=\"none\"><path d=\"M6 6H4v2h2V6zm14 0H8v2h12V6zM4 11h2v2H4v-2zm16 0H8v2h12v-2zM4 16h2v2H4v-2zm16 0H8v2h12v-2z\" fill=\"currentColor\"><\/path><\/svg><svg style=\"fill: #999;color:#999\" class=\"arrow-unsorted-368013\" xmlns=\"http:\/\/www.w3.org\/2000\/svg\" width=\"10px\" height=\"10px\" viewbox=\"0 0 24 24\" version=\"1.2\" baseprofile=\"tiny\"><path d=\"M18.2 9.3l-6.2-6.3-6.2 6.3c-.2.2-.3.4-.3.7s.1.5.3.7c.2.2.4.3.7.3h11c.3 0 .5-.1.7-.3.2-.2.3-.5.3-.7s-.1-.5-.3-.7zM5.8 14.7l6.2 6.3 6.2-6.3c.2-.2.3-.5.3-.7s-.1-.5-.3-.7c-.2-.2-.4-.3-.7-.3h-11c-.3 0-.5.1-.7.3-.2.2-.3.5-.3.7s.1.5.3.7z\"\/><\/svg><\/span><\/span><\/span><\/a><\/span><\/div>\n<nav><ul class='ez-toc-list ez-toc-list-level-1' ><li class='ez-toc-page-1 ez-toc-heading-level-2'><a class=\"ez-toc-link ez-toc-heading-1\" href=\"https:\/\/guillaume-guerard.com\/en\/cours-de-methodologie\/pensee-critique-et-ethique\/#Pensee_critique_et_ethique\" >Critical thinking and ethics<\/a><\/li><li class='ez-toc-page-1 ez-toc-heading-level-2'><a class=\"ez-toc-link ez-toc-heading-2\" href=\"https:\/\/guillaume-guerard.com\/en\/cours-de-methodologie\/pensee-critique-et-ethique\/#Limportance_du_contexte_culturel_en_recherche\" >The importance of cultural context in research<\/a><\/li><li class='ez-toc-page-1 ez-toc-heading-level-2'><a class=\"ez-toc-link ez-toc-heading-3\" href=\"https:\/\/guillaume-guerard.com\/en\/cours-de-methodologie\/pensee-critique-et-ethique\/#La_pensee_critique_dans_la_prise_de_decision\" >Critical thinking in decision making<\/a><\/li><li class='ez-toc-page-1 ez-toc-heading-level-2'><a class=\"ez-toc-link ez-toc-heading-4\" href=\"https:\/\/guillaume-guerard.com\/en\/cours-de-methodologie\/pensee-critique-et-ethique\/#Strategies_pour_integrer_les_pratiques_ethiques\" >Strategies for integrating ethical practices<\/a><\/li><li class='ez-toc-page-1 ez-toc-heading-level-2'><a class=\"ez-toc-link ez-toc-heading-5\" href=\"https:\/\/guillaume-guerard.com\/en\/cours-de-methodologie\/pensee-critique-et-ethique\/#Conclusion\" >Conclusion<\/a><\/li><\/ul><\/nav><\/div>\n<h2 class=\"elementor-heading-title elementor-size-default\"><span class=\"ez-toc-section\" id=\"Pensee_critique_et_ethique\"><\/span>Critical thinking and ethics<span class=\"ez-toc-section-end\"><\/span><\/h2>\t\t\t\t<\/div>\n\t\t\t\t<\/div>\n\t\t\t\t\t<\/div>\n\t\t<\/div>\n\t\t\t\t\t<\/div>\n\t\t<\/section>\n\t\t\t\t<section class=\"elementor-section elementor-top-section elementor-element elementor-element-a30f487 elementor-section-boxed elementor-section-height-default elementor-section-height-default\" data-id=\"a30f487\" data-element_type=\"section\" data-e-type=\"section\">\n\t\t\t\t\t\t<div class=\"elementor-container elementor-column-gap-default\">\n\t\t\t\t\t<div class=\"elementor-column elementor-col-100 elementor-top-column elementor-element elementor-element-2e7072d\" data-id=\"2e7072d\" data-element_type=\"column\" data-e-type=\"column\">\n\t\t\t<div class=\"elementor-widget-wrap elementor-element-populated\">\n\t\t\t\t\t\t<div class=\"elementor-element elementor-element-d054474 elementor-widget elementor-widget-text-editor\" data-id=\"d054474\" data-element_type=\"widget\" data-e-type=\"widget\" data-widget_type=\"text-editor.default\">\n\t\t\t\t<div class=\"elementor-widget-container\">\n\t\t\t\t\t\t\t\t\t<p>Ethical decision making and <a href=\"https:\/\/guillaume-guerard.com\/en\/cours-de-methodologie\/pensee-critique-et-recherche\/\">critical thinking<\/a> are inseparable components of the <a href=\"https:\/\/guillaume-guerard.com\/en\/cours-de-methodologie\/\">research<\/a> responsible. These processes ensure that scientific inquiry adheres to principles of integrity, transparency, and societal trust, while navigating the complexities of cultural and disciplinary diversity. Furthermore, emerging technologies such as artificial intelligence amplify the need for strong ethical frameworks and critical evaluation. This chapter examines the interplay between ethics, cultural influences, and critical thinking, highlighting their collective role in promoting innovation and societal impact.<\/p><p><img decoding=\"async\" class=\"alignnone wp-image-49 size-full\" src=\"http:\/\/guillaume-guerard.com\/wp-content\/uploads\/2023\/07\/logo_sc.png\" alt=\"d\u00e9cision \u00e9thique et la pens\u00e9e critique\" width=\"238\" height=\"203\" \/><\/p>\t\t\t\t\t\t\t\t<\/div>\n\t\t\t\t<\/div>\n\t\t\t\t\t<\/div>\n\t\t<\/div>\n\t\t\t\t\t<\/div>\n\t\t<\/section>\n\t\t\t\t<section class=\"elementor-section elementor-top-section elementor-element elementor-element-3284fd5 elementor-section-boxed elementor-section-height-default elementor-section-height-default\" data-id=\"3284fd5\" data-element_type=\"section\" data-e-type=\"section\">\n\t\t\t\t\t\t<div class=\"elementor-container elementor-column-gap-default\">\n\t\t\t\t\t<div class=\"elementor-column elementor-col-100 elementor-top-column elementor-element elementor-element-a0ea054\" data-id=\"a0ea054\" data-element_type=\"column\" data-e-type=\"column\">\n\t\t\t<div class=\"elementor-widget-wrap elementor-element-populated\">\n\t\t\t\t\t\t<div class=\"elementor-element elementor-element-61360f9 elementor-widget elementor-widget-heading\" data-id=\"61360f9\" data-element_type=\"widget\" data-e-type=\"widget\" data-widget_type=\"heading.default\">\n\t\t\t\t<div class=\"elementor-widget-container\">\n\t\t\t\t\t<h2 class=\"elementor-heading-title elementor-size-default\"><span class=\"ez-toc-section\" id=\"Limportance_du_contexte_culturel_en_recherche\"><\/span>The importance of cultural context in research<span class=\"ez-toc-section-end\"><\/span><\/h2>\t\t\t\t<\/div>\n\t\t\t\t<\/div>\n\t\t\t\t\t<\/div>\n\t\t<\/div>\n\t\t\t\t\t<\/div>\n\t\t<\/section>\n\t\t\t\t<section class=\"elementor-section elementor-top-section elementor-element elementor-element-ae15e11 elementor-section-boxed elementor-section-height-default elementor-section-height-default\" data-id=\"ae15e11\" data-element_type=\"section\" data-e-type=\"section\">\n\t\t\t\t\t\t<div class=\"elementor-container elementor-column-gap-default\">\n\t\t\t\t\t<div class=\"elementor-column elementor-col-100 elementor-top-column elementor-element elementor-element-8ce7a0c\" data-id=\"8ce7a0c\" data-element_type=\"column\" data-e-type=\"column\">\n\t\t\t<div class=\"elementor-widget-wrap elementor-element-populated\">\n\t\t\t\t\t\t<div class=\"elementor-element elementor-element-fabdb4a elementor-widget elementor-widget-text-editor\" data-id=\"fabdb4a\" data-element_type=\"widget\" data-e-type=\"widget\" data-widget_type=\"text-editor.default\">\n\t\t\t\t<div class=\"elementor-widget-container\">\n\t\t\t\t\t\t\t\t\t<p><span style=\"font-weight: 400;\">Ethical research practices are fundamental to protecting participants\u2019 rights, ensuring data reliability, and maintaining public trust in science. They help address challenges such as informed consent, confidentiality, and conflicts of interest, while preventing misconduct such as fabrication and plagiarism. At the same time, cultural and disciplinary contexts shape how researchers approach problems, interpret data, and collaborate in diverse teams.<\/span><\/p><p><span style=\"font-weight: 400;\">Cultural dimensions influence research by determining communication styles, value systems, and decision-making processes. For example:<\/span><\/p><ul><li style=\"font-weight: 400;\" aria-level=\"1\"><b>High Context vs. Low Context Cultures<\/b><span style=\"font-weight: 400;\"> : High-context cultures (like Japan or China) rely on implicit communication and collective perspectives, while low-context cultures (like the United States or Germany) favor explicit reasoning and individual logic.<\/span><\/li><li style=\"font-weight: 400;\" aria-level=\"1\"><b>Individualism vs. Collectivism<\/b><span style=\"font-weight: 400;\"> : Individualistic cultures encourage autonomy and critical questioning, while collectivist cultures emphasize group consensus and tradition.<\/span><\/li><li style=\"font-weight: 400;\" aria-level=\"1\"><b>Disciplinary diversity<\/b><span style=\"font-weight: 400;\"> : Natural sciences focus on empirical validation, social sciences emphasize qualitative reasoning, and human sciences explore interpretive analysis.<\/span><\/li><\/ul><p><span style=\"font-weight: 400;\">Understanding these cultural and disciplinary nuances is essential to creating inclusive and effective research environments.<\/span><\/p><p><img fetchpriority=\"high\" decoding=\"async\" class=\"alignnone wp-image-1941 size-full\" src=\"http:\/\/guillaume-guerard.com\/wp-content\/uploads\/2025\/01\/criticalthinking8.png\" alt=\"pens\u00e9e critique contexte culturel\" width=\"821\" height=\"385\" srcset=\"https:\/\/guillaume-guerard.com\/wp-content\/uploads\/2025\/01\/criticalthinking8.png 821w, https:\/\/guillaume-guerard.com\/wp-content\/uploads\/2025\/01\/criticalthinking8-300x141.png 300w, https:\/\/guillaume-guerard.com\/wp-content\/uploads\/2025\/01\/criticalthinking8-768x360.png 768w, https:\/\/guillaume-guerard.com\/wp-content\/uploads\/2025\/01\/criticalthinking8-18x8.png 18w\" sizes=\"(max-width: 821px) 100vw, 821px\" \/><\/p>\t\t\t\t\t\t\t\t<\/div>\n\t\t\t\t<\/div>\n\t\t\t\t\t<\/div>\n\t\t<\/div>\n\t\t\t\t\t<\/div>\n\t\t<\/section>\n\t\t\t\t<section class=\"elementor-section elementor-top-section elementor-element elementor-element-b22ef45 elementor-section-boxed elementor-section-height-default elementor-section-height-default\" data-id=\"b22ef45\" data-element_type=\"section\" data-e-type=\"section\">\n\t\t\t\t\t\t<div class=\"elementor-container elementor-column-gap-default\">\n\t\t\t\t\t<div class=\"elementor-column elementor-col-100 elementor-top-column elementor-element elementor-element-b0bf138\" data-id=\"b0bf138\" data-element_type=\"column\" data-e-type=\"column\">\n\t\t\t<div class=\"elementor-widget-wrap elementor-element-populated\">\n\t\t\t\t\t\t<div class=\"elementor-element elementor-element-bf33387 elementor-widget elementor-widget-heading\" data-id=\"bf33387\" data-element_type=\"widget\" data-e-type=\"widget\" data-widget_type=\"heading.default\">\n\t\t\t\t<div class=\"elementor-widget-container\">\n\t\t\t\t\t<h2 class=\"elementor-heading-title elementor-size-default\"><span class=\"ez-toc-section\" id=\"La_pensee_critique_dans_la_prise_de_decision\"><\/span>Critical thinking in decision making<span class=\"ez-toc-section-end\"><\/span><\/h2>\t\t\t\t<\/div>\n\t\t\t\t<\/div>\n\t\t\t\t\t<\/div>\n\t\t<\/div>\n\t\t\t\t\t<\/div>\n\t\t<\/section>\n\t\t\t\t<section class=\"elementor-section elementor-top-section elementor-element elementor-element-c54d51a elementor-section-boxed elementor-section-height-default elementor-section-height-default\" data-id=\"c54d51a\" data-element_type=\"section\" data-e-type=\"section\">\n\t\t\t\t\t\t<div class=\"elementor-container elementor-column-gap-default\">\n\t\t\t\t\t<div class=\"elementor-column elementor-col-100 elementor-top-column elementor-element elementor-element-486ca04\" data-id=\"486ca04\" data-element_type=\"column\" data-e-type=\"column\">\n\t\t\t<div class=\"elementor-widget-wrap elementor-element-populated\">\n\t\t\t\t\t\t<div class=\"elementor-element elementor-element-0a4eeef elementor-widget elementor-widget-text-editor\" data-id=\"0a4eeef\" data-element_type=\"widget\" data-e-type=\"widget\" data-widget_type=\"text-editor.default\">\n\t\t\t\t<div class=\"elementor-widget-container\">\n\t\t\t\t\t\t\t\t\t<p><span style=\"font-weight: 400;\">Critical thinking provides a structured framework for navigating ethical dilemmas and cultural complexities in research.<\/span><\/p><p><img decoding=\"async\" class=\"alignnone wp-image-1942 size-full\" src=\"http:\/\/guillaume-guerard.com\/wp-content\/uploads\/2025\/01\/criticalthinking9.png\" alt=\"pens\u00e9e critique recherche\" width=\"879\" height=\"485\" srcset=\"https:\/\/guillaume-guerard.com\/wp-content\/uploads\/2025\/01\/criticalthinking9.png 879w, https:\/\/guillaume-guerard.com\/wp-content\/uploads\/2025\/01\/criticalthinking9-300x166.png 300w, https:\/\/guillaume-guerard.com\/wp-content\/uploads\/2025\/01\/criticalthinking9-768x424.png 768w, https:\/\/guillaume-guerard.com\/wp-content\/uploads\/2025\/01\/criticalthinking9-18x10.png 18w\" sizes=\"(max-width: 879px) 100vw, 879px\" \/><\/p><p><span style=\"font-weight: 400;\">By promoting systematic evaluation (as shown in the image), logical reasoning and in-depth reflection, it allows researchers to:<\/span><\/p><p><b style=\"color: var( --e-global-color-text ); font-family: var( --e-global-typography-text-font-family ), Sans-serif;\">Identify ethical issues<\/b><span style=\"color: var( --e-global-color-text ); font-family: var( --e-global-typography-text-font-family ), Sans-serif;\"> : Recognize potential risks, conflicts of interest or moral dilemmas.<\/span><\/p><p><b style=\"color: var( --e-global-color-text ); font-family: var( --e-global-typography-text-font-family ), Sans-serif;\">Evaluate alternatives<\/b><span style=\"color: var( --e-global-color-text ); font-family: var( --e-global-typography-text-font-family ), Sans-serif;\"> : Analyze both short-term and long-term consequences.<\/span><\/p><p><b style=\"color: var( --e-global-color-text ); font-family: var( --e-global-typography-text-font-family ), Sans-serif;\">Justify decisions<\/b><span style=\"color: var( --e-global-color-text ); font-family: var( --e-global-typography-text-font-family ), Sans-serif;\"> : Use logical reasoning to articulate clear, evidence-based ethical justifications.<\/span><\/p><p><b style=\"color: var( --e-global-color-text ); font-family: var( --e-global-typography-text-font-family ), Sans-serif;\">Mitigating bias<\/b><span style=\"color: var( --e-global-color-text ); font-family: var( --e-global-typography-text-font-family ), Sans-serif;\"> : Address personal or institutional biases that may influence ethical decisions.<\/span><\/p><p><span style=\"font-weight: 400;\">For example :<\/span><\/p><p><b style=\"color: var( --e-global-color-text ); font-family: var( --e-global-typography-text-font-family ), Sans-serif;\">Informed Consent and Confidentiality<\/b><span style=\"color: var( --e-global-color-text ); font-family: var( --e-global-typography-text-font-family ), Sans-serif;\"> : Ensure that participants fully understand the research and that their data is protected.<\/span><\/p><p><b style=\"color: var( --e-global-color-text ); font-family: var( --e-global-typography-text-font-family ), Sans-serif;\">Conflict of interest<\/b><span style=\"color: var( --e-global-color-text ); font-family: var( --e-global-typography-text-font-family ), Sans-serif;\"> : Managing bias arising from personal or financial issues.<\/span><\/p>\t\t\t\t\t\t\t\t<\/div>\n\t\t\t\t<\/div>\n\t\t\t\t\t<\/div>\n\t\t<\/div>\n\t\t\t\t\t<\/div>\n\t\t<\/section>\n\t\t\t\t<section class=\"elementor-section elementor-top-section elementor-element elementor-element-3620598 elementor-section-boxed elementor-section-height-default elementor-section-height-default\" data-id=\"3620598\" data-element_type=\"section\" data-e-type=\"section\">\n\t\t\t\t\t\t<div class=\"elementor-container elementor-column-gap-default\">\n\t\t\t\t\t<div class=\"elementor-column elementor-col-100 elementor-top-column elementor-element elementor-element-6aeb830\" data-id=\"6aeb830\" data-element_type=\"column\" data-e-type=\"column\">\n\t\t\t<div class=\"elementor-widget-wrap elementor-element-populated\">\n\t\t\t\t\t\t<div class=\"elementor-element elementor-element-b97d90a elementor-widget elementor-widget-heading\" data-id=\"b97d90a\" data-element_type=\"widget\" data-e-type=\"widget\" data-widget_type=\"heading.default\">\n\t\t\t\t<div class=\"elementor-widget-container\">\n\t\t\t\t\t<h2 class=\"elementor-heading-title elementor-size-default\"><span class=\"ez-toc-section\" id=\"Strategies_pour_integrer_les_pratiques_ethiques\"><\/span>Strategies for integrating ethical practices<span class=\"ez-toc-section-end\"><\/span><\/h2>\t\t\t\t<\/div>\n\t\t\t\t<\/div>\n\t\t\t\t\t<\/div>\n\t\t<\/div>\n\t\t\t\t\t<\/div>\n\t\t<\/section>\n\t\t\t\t<section class=\"elementor-section elementor-top-section elementor-element elementor-element-ce34b3f elementor-section-boxed elementor-section-height-default elementor-section-height-default\" data-id=\"ce34b3f\" data-element_type=\"section\" data-e-type=\"section\">\n\t\t\t\t\t\t<div class=\"elementor-container elementor-column-gap-default\">\n\t\t\t\t\t<div class=\"elementor-column elementor-col-100 elementor-top-column elementor-element elementor-element-db42a4b\" data-id=\"db42a4b\" data-element_type=\"column\" data-e-type=\"column\">\n\t\t\t<div class=\"elementor-widget-wrap elementor-element-populated\">\n\t\t\t\t\t\t<div class=\"elementor-element elementor-element-0b634b0 elementor-widget elementor-widget-text-editor\" data-id=\"0b634b0\" data-element_type=\"widget\" data-e-type=\"widget\" data-widget_type=\"text-editor.default\">\n\t\t\t\t<div class=\"elementor-widget-container\">\n\t\t\t\t\t\t\t\t\t<p>Use models such as utilitarianism, deontology, or virtue ethics to systematically assess moral dilemmas.<\/p><p><img loading=\"lazy\" decoding=\"async\" class=\"alignnone wp-image-1943 size-full\" src=\"http:\/\/guillaume-guerard.com\/wp-content\/uploads\/2025\/01\/criticalthinking10.png\" alt=\"pens\u00e9e critique \u00e9thique\" width=\"918\" height=\"637\" srcset=\"https:\/\/guillaume-guerard.com\/wp-content\/uploads\/2025\/01\/criticalthinking10.png 918w, https:\/\/guillaume-guerard.com\/wp-content\/uploads\/2025\/01\/criticalthinking10-300x208.png 300w, https:\/\/guillaume-guerard.com\/wp-content\/uploads\/2025\/01\/criticalthinking10-768x533.png 768w, https:\/\/guillaume-guerard.com\/wp-content\/uploads\/2025\/01\/criticalthinking10-18x12.png 18w\" sizes=\"(max-width: 918px) 100vw, 918px\" \/><\/p>\t\t\t\t\t\t\t\t<\/div>\n\t\t\t\t<\/div>\n\t\t\t\t\t<\/div>\n\t\t<\/div>\n\t\t\t\t\t<\/div>\n\t\t<\/section>\n\t\t\t\t<section class=\"elementor-section elementor-top-section elementor-element elementor-element-903222e elementor-section-boxed elementor-section-height-default elementor-section-height-default\" data-id=\"903222e\" data-element_type=\"section\" data-e-type=\"section\">\n\t\t\t\t\t\t<div class=\"elementor-container elementor-column-gap-default\">\n\t\t\t\t\t<div class=\"elementor-column elementor-col-100 elementor-top-column elementor-element elementor-element-fbc122b\" data-id=\"fbc122b\" data-element_type=\"column\" data-e-type=\"column\">\n\t\t\t<div class=\"elementor-widget-wrap elementor-element-populated\">\n\t\t\t\t\t\t<div class=\"elementor-element elementor-element-6a0d6ec elementor-widget elementor-widget-heading\" data-id=\"6a0d6ec\" data-element_type=\"widget\" data-e-type=\"widget\" data-widget_type=\"heading.default\">\n\t\t\t\t<div class=\"elementor-widget-container\">\n\t\t\t\t\t<h2 class=\"elementor-heading-title elementor-size-default\"><span class=\"ez-toc-section\" id=\"Conclusion\"><\/span>Conclusion<span class=\"ez-toc-section-end\"><\/span><\/h2>\t\t\t\t<\/div>\n\t\t\t\t<\/div>\n\t\t\t\t\t<\/div>\n\t\t<\/div>\n\t\t\t\t\t<\/div>\n\t\t<\/section>\n\t\t\t\t<section class=\"elementor-section elementor-top-section elementor-element elementor-element-e02a937 elementor-section-boxed elementor-section-height-default elementor-section-height-default\" data-id=\"e02a937\" data-element_type=\"section\" data-e-type=\"section\">\n\t\t\t\t\t\t<div class=\"elementor-container elementor-column-gap-default\">\n\t\t\t\t\t<div class=\"elementor-column elementor-col-100 elementor-top-column elementor-element elementor-element-8ccd4eb\" data-id=\"8ccd4eb\" data-element_type=\"column\" data-e-type=\"column\">\n\t\t\t<div class=\"elementor-widget-wrap elementor-element-populated\">\n\t\t\t\t\t\t<div class=\"elementor-element elementor-element-27b165c elementor-widget elementor-widget-text-editor\" data-id=\"27b165c\" data-element_type=\"widget\" data-e-type=\"widget\" data-widget_type=\"text-editor.default\">\n\t\t\t\t<div class=\"elementor-widget-container\">\n\t\t\t\t\t\t\t\t\t<p><span style=\"font-weight: 400;\">Ethical decision-making and critical thinking are deeply embedded in cultural and disciplinary contexts, influencing how researchers navigate complex challenges. By embracing these dimensions and integrating adaptive frameworks, researchers can responsibly advance knowledge while ensuring fairness, transparency, and societal trust. As research continues to evolve, developing cultural competence and ethical awareness will be essential to sustaining innovation and effectively addressing global challenges.<\/span><\/p>\t\t\t\t\t\t\t\t<\/div>\n\t\t\t\t<\/div>\n\t\t\t\t\t<\/div>\n\t\t<\/div>\n\t\t\t\t\t<\/div>\n\t\t<\/section>\n\t\t\t\t<\/div>","protected":false},"excerpt":{"rendered":"<p>Home Data Science Critical Thinking and Ethics Ethical decision-making and critical thinking are inseparable components\u2026 <\/p>","protected":false},"author":1,"featured_media":0,"parent":47,"menu_order":0,"comment_status":"closed","ping_status":"closed","template":"elementor_header_footer","meta":{"footnotes":""},"class_list":["post-1938","page","type-page","status-publish","hentry"],"_links":{"self":[{"href":"https:\/\/guillaume-guerard.com\/en\/wp-json\/wp\/v2\/pages\/1938","targetHints":{"allow":["GET"]}}],"collection":[{"href":"https:\/\/guillaume-guerard.com\/en\/wp-json\/wp\/v2\/pages"}],"about":[{"href":"https:\/\/guillaume-guerard.com\/en\/wp-json\/wp\/v2\/types\/page"}],"author":[{"embeddable":true,"href":"https:\/\/guillaume-guerard.com\/en\/wp-json\/wp\/v2\/users\/1"}],"replies":[{"embeddable":true,"href":"https:\/\/guillaume-guerard.com\/en\/wp-json\/wp\/v2\/comments?post=1938"}],"version-history":[{"count":7,"href":"https:\/\/guillaume-guerard.com\/en\/wp-json\/wp\/v2\/pages\/1938\/revisions"}],"predecessor-version":[{"id":1949,"href":"https:\/\/guillaume-guerard.com\/en\/wp-json\/wp\/v2\/pages\/1938\/revisions\/1949"}],"up":[{"embeddable":true,"href":"https:\/\/guillaume-guerard.com\/en\/wp-json\/wp\/v2\/pages\/47"}],"wp:attachment":[{"href":"https:\/\/guillaume-guerard.com\/en\/wp-json\/wp\/v2\/media?parent=1938"}],"curies":[{"name":"wp","href":"https:\/\/api.w.org\/{rel}","templated":true}]}}